{"id":3595,"date":"2023-02-27T16:16:44","date_gmt":"2023-02-27T15:16:44","guid":{"rendered":"http:\/\/bdi-biolifescience.com.w0215a68.kasserver.com\/?page_id=3595"},"modified":"2023-02-27T16:18:53","modified_gmt":"2023-02-27T15:18:53","slug":"agb","status":"publish","type":"page","link":"https:\/\/www.bdi-biolifescience.com\/de\/agb\/","title":{"rendered":"AGB"},"content":{"rendered":"\t\t<div data-elementor-type=\"wp-page\" data-elementor-id=\"3595\" class=\"elementor elementor-3595\">\n\t\t\t\t\t\t<section class=\"elementor-section elementor-top-section elementor-element elementor-element-8ab2be9 elementor-section-boxed elementor-section-height-default elementor-section-height-default\" data-id=\"8ab2be9\" data-element_type=\"section\" data-e-type=\"section\" data-settings=\"{&quot;background_background&quot;:&quot;classic&quot;}\">\n\t\t\t\t\t\t<div class=\"elementor-container elementor-column-gap-default\">\n\t\t\t\t\t<div class=\"elementor-column elementor-col-100 elementor-top-column elementor-element elementor-element-519fbbe\" data-id=\"519fbbe\" data-element_type=\"column\" data-e-type=\"column\">\n\t\t\t<div class=\"elementor-widget-wrap elementor-element-populated\">\n\t\t\t\t\t\t<div class=\"elementor-element elementor-element-0781ebc elementor-widget elementor-widget-abstand\" data-id=\"0781ebc\" data-element_type=\"widget\" data-e-type=\"widget\" data-widget_type=\"abstand.default\">\n\t\t\t\t<div class=\"elementor-widget-container\">\n\t\t\t\t\t<div class=\"nosun-widget nosun-abstand abstand-size-m\"><\/div>\t\t\t\t<\/div>\n\t\t\t\t<\/div>\n\t\t\t\t<section class=\"elementor-section elementor-inner-section elementor-element elementor-element-b9f4e65 elementor-section-boxed elementor-section-height-default elementor-section-height-default\" data-id=\"b9f4e65\" data-element_type=\"section\" data-e-type=\"section\">\n\t\t\t\t\t\t<div class=\"elementor-container elementor-column-gap-default\">\n\t\t\t\t\t<div class=\"elementor-column elementor-col-50 elementor-inner-column elementor-element elementor-element-cdf8035\" data-id=\"cdf8035\" data-element_type=\"column\" data-e-type=\"column\">\n\t\t\t<div class=\"elementor-widget-wrap elementor-element-populated\">\n\t\t\t\t\t\t<div class=\"elementor-element elementor-element-04ff408 elementor-widget elementor-widget-zweifarbige-ueberschrift\" data-id=\"04ff408\" data-element_type=\"widget\" data-e-type=\"widget\" data-widget_type=\"zweifarbige-ueberschrift.default\">\n\t\t\t\t<div class=\"elementor-widget-container\">\n\t\t\t\t\t<div class=\"nosun-widget nosun-zweifarbige-ueberschrift\" style=\"text-align:left;\"><h1 class=\"nosun-heading default\"><div class=\"ueberschrift_rot c-primary\"  >Allgemeine <\/div><div class=\"ueberschrift_normal\"  >Verkaufs&shy;bedingungen<\/div><\/h1><\/div>\t\t\t\t<\/div>\n\t\t\t\t<\/div>\n\t\t\t\t<div class=\"elementor-element elementor-element-9dca278 elementor-widget elementor-widget-text-editor\" data-id=\"9dca278\" data-element_type=\"widget\" data-e-type=\"widget\" data-widget_type=\"text-editor.default\">\n\t\t\t\t<div class=\"elementor-widget-container\">\n\t\t\t\t\t\t\t\t\t<p><strong>1. Geltungsbereich<\/strong><br \/>1.1 Diese Allgemeinen Verkaufsbedingungen gelten f\u00fcr alle Lieferungen und Leistungen der BDI-BioLife Science GmbH (&#8222;BDI&#8220;).<br \/>1.2 Abweichungen von den in 1.1 genannten Bedingungen sind nur bei schriftlicher Anerkennung durch BDI wirksam.<\/p><p><strong>2. Angebot<\/strong><br \/>2.1 Angebote der BDI gelten freibleibend.<br \/>2.2 Angaben in Katalogen, Prospekten und dergleichen und Eigenschaften von Mustern und Proben oder Beschaffenheits- und Haltbarkeitsangaben sind nur ma\u00dfgeblich, wenn in der Auftragsbest\u00e4tigung darauf ausdr\u00fccklich Bezug genommen wird.<br \/>2.3 F\u00fcr die Waren einschl\u00e4gige identifizierte Verwendungen nach der Verordnung (EG) Nr. 1907\/2006 (REACH Verordnung) stellen weder eine Zusage einer entsprechenden vertraglichen Beschaffenheit der Waren noch einer gem\u00e4\u00df einem allf\u00e4lligen Vertrag vorausgesetzten Verwendung dar.<\/p><p><strong>3. Vertragsschluss<\/strong><br \/>3.1 Der Vertrag wird erst durch die schriftliche Auftragsbest\u00e4tigung der BDI oder die tats\u00e4chliche Lieferung an den Kunden rechtswirksam.<br \/>3.2 \u00c4nderungen und Erg\u00e4nzungen des Vertrags k\u00f6nnen nur schriftlich vereinbart werden.<\/p><p><strong>4. Beratung<\/strong><br \/>4.1 Soweit BDI Beratungsleistungen erbringt, sind diese Beratungsleistungen unverbindlich. Der Kunde hat allf\u00e4llige Angaben und Ausk\u00fcnfte \u00fcber Eignung und Anwendung der Waren in seiner Verantwortung durch Pr\u00fcfungen und Versuche f\u00fcr seinen Anwendungsbereich zu verifizieren.<\/p><p><strong>5. Preise<\/strong><br \/>5.1 Preise gelten ab Werk bzw. ab Lager der BDI, ohne Verpackung, Verladung und Umsatzsteuer. Alle im Zusammenhang mit der Lieferung erhobene Geb\u00fchren, Steuern und sonstige Abgaben sind vom Kunden zu tragen.<br \/>5.2 Bei einer vom Angebot abweichenden Bestellung bleibt eine entsprechende Preis\u00e4nderung vorbehalten.<br \/>5.3 Die Preise basieren auf den Material- und Lohnkosten zum Zeitpunkt des ersten Angebots. \u00c4nderung dieser Kosten bis zum Zeitpunkt des Vertragsabschlusses berechtigen zu entsprechender Preisanpassung.<\/p><p><strong>6. Lieferung<\/strong><br \/>6.1 Vereinbarte Lieferfristen laufen ab dem Datum der Auftragsbest\u00e4tigung, jedoch nicht vor Erf\u00fcllung aller vom Kunden zu erbringenden Vorleistungen.<br \/>6.2 F\u00fcr die Lieferung erforderliche Genehmigungen wie z.B. f\u00fcr Einfuhr, Transport, Lagerung und Verwendung sind vom Kunden zu erwirken und verl\u00e4ngern bis zu ihrem Vorliegen die vereinbarten Lieferfristen.<br \/>6.3 Lieferpflichten und -fristen ruhen grunds\u00e4tzlich, solange der Kunde mit einer Verbindlichkeit im R\u00fcckstand ist.<br \/>6.4 BDI ist berechtigt, Teil- oder Vorlieferungen durchzuf\u00fchren und zu verrechnen.<br \/>6.5 Die vereinbarten Lieferfristen gelten vorbehaltlich unvorhersehbarer oder vom Parteiwillen unabh\u00e4ngiger Hindernisse (siehe Punkt 11.1). Derartige Hindernisse berechtigen auch dann zu entsprechender Verl\u00e4ngerung der Lieferfrist, wenn sie bei Zulieferanten auftreten.<br \/>6.6 Wenn die Versendung von versandbereiten Waren nicht m\u00f6glich oder vom Kunden nicht erw\u00fcnscht ist, k\u00f6nnen sie auf Kosten und Gefahr des Kunden eingelagert werden. Die Lieferung gilt damit als erbracht und kann von BDI verrechnet werden.<br \/>6.7 Eine Entsch\u00e4digung f\u00fcr Lieferverzug geb\u00fchrt nur bei besonderer Vereinbarung und ist jedenfalls auf die H\u00f6he der vereinbarten P\u00f6nale beschr\u00e4nkt.<\/p><p><strong>7. Erf\u00fcllung und Gefahren\u00fcbergang<\/strong><br \/>7.1 Kosten und Gefahr gehen in Ermangelung anderer Vereinbarung mit der Auslieferung ab Werk bzw. ab Lager der BDI auf den Kunden \u00fcber.<br \/>7.2 Wird die Auslieferung durch den Kunden verz\u00f6gert, gehen Kosten und Gefahr bei Versandbereitschaft auf diesen \u00fcber.<\/p><p><strong>8. Zahlung<\/strong><br \/>8.1 Mangels besonders vereinbarter Zahlungsbedingungen ist der gesamte Kaufpreis innerhalb von 30 Tagen nach Lieferung und Rechnungslegung ohne Abzug f\u00e4llig.<br \/>8.2 Bei Teilverrechnungen sind die entsprechenden Teilzahlungen gem\u00e4\u00df der Regelung in 8.1 f\u00e4llig.<br \/>8.3 Zahlungen sind in der vereinbarten W\u00e4hrung zu leisten. Alle mit der Zahlung im Zusammenhang stehende Spesen gehen zu Lasten des Kunden.<br \/>8.4 Der Kunde ist nicht berechtigt, wegen Gew\u00e4hrleistungs- oder sonstiger Gegenforderungen Zahlungen zur\u00fcckzubehalten oder aufzurechnen.<br \/>8.5 Im Falle des Zahlungsverzugs kann BDI<br \/>a) die Erf\u00fcllung eigener Verpflichtungen bis zur Bewirkung der f\u00e4lligen Zahlungen aufschieben<br \/>b) die gesamten (aus anderen Bestellungen des Kunden) offenen Zahlungen f\u00e4llig stellen (Terminverlust)<br \/>c) ab F\u00e4lligkeit Verzugszinsen in der H\u00f6he von acht Prozentpunkten \u00fcber dem jeweiligen Basiszinssatz der Europ\u00e4ischen Zentralbank verrechnen<br \/>d) bei Nichteinhaltung der Nachfrist von drei Werktagen vom Vertrag zur\u00fccktreten und die Herausgabe der im Eigentum der BDI stehenden Waren auf Kosten des Kunden verlangen.<br \/>8.6 Bis zur vollst\u00e4ndigen Erf\u00fcllung aller finanziellen Verpflichtungen des Kunden beh\u00e4lt sich BDI das Eigentum an s\u00e4mtlichen von ihr gelieferten Waren vor. Der Kunde hat allf\u00e4lligen Formvorschriften zur Wahrung des Eigentums der BDI nachzukommen. Bei Pf\u00e4ndung oder sonstiger Inanspruchnahme ist der Kunde verpflichtet, auf das Eigentumsrecht der BDI hinzuweisen und diese unverz\u00fcglich zu verst\u00e4ndigen.<br \/>8.7 Bei der Verarbeitung mit noch in Fremdeigentum stehenden Waren erwirbt BDI Miteigentum an den neuen Sachen. Der Umfang dieses Miteigentums ergibt sich aus dem Verh\u00e4ltnis des Rechnungswertes der von BDI gelieferten Waren zum Rechnungswert der \u00fcbrigen Waren.<br \/>8.8 Der Kunde tritt die Forderung aus einem Weiterverkauf der unter Eigentumsvorbehalt stehenden Waren an BDI ab, und zwar auch f\u00fcr den Fall, dass die von BDI gelieferten Waren vom Kunden weiterverarbeitet werden. Enth\u00e4lt das vom Kunden weiterverarbeitete Produkt neben den von BDI gelieferten Waren nur solche Bestandteile, die entweder dem Kunden geh\u00f6rten oder aber nur unter dem so genannten einfachen Eigentumsvorbehalt geliefert wurden, so tritt der Kunde die gesamte Kaufpreisforderung aus dem Verkauf des verarbeiteten Produkts an die BDI ab. Im anderen Falle, d.h. bei Zusammentreffen eines verl\u00e4ngerten Eigentumsvorbehalts und entsprechender Vorauszessionen an mehrere Lieferanten, hat BDI Anspruch auf jenen Teil der Kaufpreisforderung aus dem Verkauf der verarbeiteten Produkte, welcher dem Verh\u00e4ltnis des Rechnungswertes ihrer Waren zum Rechnungswert der verarbeiteten Lieferungen anderer Lieferanten entspricht.<\/p><p><strong>9. Gew\u00e4hrleistung<\/strong><br \/>9.1 Mangels anderer Vereinbarung betr\u00e4gt die Gew\u00e4hrleistungs\u00acfrist zw\u00f6lf Monate ab Gefahren\u00fcbergang.<br \/>9.2 Der Kunde hat die empfangenen Waren unverz\u00fcglich nach Eintreffen sorgf\u00e4ltig auf Menge, Beschaffenheit und M\u00e4ngel zu untersuchen. Offensichtliche M\u00e4ngel hat er BDI schriftlich und unverz\u00fcglich, sp\u00e4testens jedoch innerhalb von zehn Tagen nach Eintreffen der Waren unter Angabe von Rechnungsnummer und Rechnungsdatum detailliert anzuzeigen. Versteckte M\u00e4ngel sind ebenfalls unverz\u00fcglich, sp\u00e4testens jedoch innerhalb von zehn Tagen nach Feststellung des Mangels, zu r\u00fcgen. Die Fristen sind gewahrt, wenn die schriftliche Mitteilung bis sp\u00e4testens 17:00 Uhr des letzten Tages der Frist bei BDI eingeht.<br \/>9.3 Auf Verlangen von BDI hat der Kunde zur \u00dcberpr\u00fcfung der Beanstandung Belege wie Lieferscheine und Packzettel im Original einzusenden sowie etwaige auf Packungen befindliche Signierungen anzuzeigen oder die Waren an BDI zur fachgerechten Nachbesserung zuzusenden.<br \/>9.4 Bei mangelhaften Waren kann BDI zun\u00e4chst in ihrer Wahl nachbessern oder nachliefern. BDI hat das Recht, eine mangelhafte Nacherf\u00fcllung zu wiederholen.<\/p><p><strong>10. Haftung<\/strong><br \/>10.1 Die Haftung von BDI ist, soweit gesetzlich zul\u00e4ssig, auf F\u00e4lle grober Fahrl\u00e4ssigkeit und Vorsatz und betraglich auf den Kaufpreis, den der Kunde gem\u00e4\u00df dem Vertrag f\u00fcr die Waren an BDI gezahlt hat, beschr\u00e4nkt. Eine Haftung der BDI f\u00fcr entgangenen Gewinn oder andere Verm\u00f6gensfolgesch\u00e4den ist ausdr\u00fccklich ausgeschlossen. Ein Schaden muss bei sonstigem Ausschluss binnen sechs Monaten nach Schadenseintritt schriftlich geltend gemacht werden.<br \/>10.2 Insbesondere haftet BDI nicht f\u00fcr Unm\u00f6glichkeit oder Verz\u00f6gerung der Lieferung, die sich aus Verpflichtungen gem\u00e4\u00df der REACH Verordnung ergeben, die auf den Kunden zur\u00fcckzuf\u00fchren sind.<\/p><p><strong>11. H\u00f6here Gewalt<\/strong><br \/>11.1 Sollten Ereignisse und Umst\u00e4nde, deren Eintritt au\u00dferhalb des Einflussbereichs von BDI liegt, einschlie\u00dflich unvorherseh\u00acbarer Ereignisse in der Anlage, in der die Waren produziert werden, die Vertragserf\u00fcllung unm\u00f6glich machen, so hat BDI dies dem Kunden umgehend schriftlich unter Angabe der voraussichtlichen Dauer des Ereignisses mitzuteilen. Wenn das Ereignis l\u00e4nger als drei Monate andauert, ist jede Partei berechtigt, vom Vertrag zur\u00fcckzutreten.<\/p><p><strong>12. R\u00fccktritt vom Vertrag<\/strong><br \/>12.1 Der Kunde kann, au\u00dfer im Fall prolongierter h\u00f6herer Gewalt gem\u00e4\u00df 11.1 vom Vertrag zur\u00fccktreten, wenn BDI aus grobem Verschulden und trotz schriftlicher Nachfrist die Lieferung um mehr als 60 Tage verz\u00f6gert.<br \/>12.2 BDI kann au\u00dfer im Fall des Zahlungsverzugs gem\u00e4\u00df Punkt 8.5 d) und im Fall prolongierter h\u00f6herer Gewalt gem\u00e4\u00df 11.1 vom Vertrag zur\u00fccktreten,<br \/>a) wenn die Lieferung oder Leistung aus vom Kunden zu vertretenden Gr\u00fcnden unm\u00f6glich oder \u00fcber eine angemessene, schriftlich zu setzende, Nachfrist hinaus verz\u00f6gert wird<br \/>b) wenn sich die Zahlungsf\u00e4higkeit des Kunden seit der Bestellung wesentlich verschlechtert hat und dieser weder zu Vorauszahlung noch zu angemessener Sicherstellung bereit ist<br \/>c) wenn BDI berechtigten Grund zur Annahme hat, dass die Lieferung der Waren oder eine andere vertragliche Leistung gegen Sanktionen, Verbote oder sonstige Beschr\u00e4nkungen der anwendbaren Vorschriften versto\u00dfen w\u00fcrde.<br \/>12.3 Wird \u00fcber das Verm\u00f6gen einer Vertragspartei ein Insolvenzverfahren er\u00f6ffnet oder nur mangels kostendeckenden Verm\u00f6gens nicht er\u00f6ffnet, kann die andere Vertragspartei mit sofortiger Wirkung den Vertragsr\u00fccktritt erkl\u00e4ren.<br \/>12.4 Im Fall des R\u00fccktritts aus anderen als den in 12.1 genannten Gr\u00fcnden sind unbeschadet der Schadenersatzanspr\u00fcche der BDI bereits erbrachte Leistungen oder Teilleistungen abzurechnen und zu bezahlen. Dies gilt auch, soweit die Lieferung vom Kunden noch nicht \u00fcbernommen wurde, sowie f\u00fcr von BDI erbrachte Vorbereitungshandlungen. BDI ist auch berechtigt, die R\u00fcckstellung bereits gelieferter Waren zu verlangen.<\/p><p><strong>13. Gerichtsstand, anwendbares Recht<\/strong><br \/>13.1 Mangels anderweitiger Vereinbarung ist ausschlie\u00dflicher Gerichtsstand f\u00fcr alle aus dem Vertrag entstehenden Streitigkeiten das f\u00fcr den Sitz der BDI \u00f6rtlich zust\u00e4ndige Gericht.<br \/>13.2 Der Vertrag unterliegt \u00f6sterreichischem Recht unter Ausschluss der Regeln des internationalen Privatrechts und des \u00dcbereinkommens der Vereinten Nationen \u00fcber Vertr\u00e4ge \u00fcber den internationalen Warenkauf (CISG).<\/p>\t\t\t\t\t\t\t\t<\/div>\n\t\t\t\t<\/div>\n\t\t\t\t\t<\/div>\n\t\t<\/div>\n\t\t\t\t<div class=\"elementor-column elementor-col-50 elementor-inner-column elementor-element elementor-element-d485559 elementor-hidden-tablet elementor-hidden-mobile\" data-id=\"d485559\" data-element_type=\"column\" data-e-type=\"column\">\n\t\t\t<div class=\"elementor-widget-wrap\">\n\t\t\t\t\t\t\t<\/div>\n\t\t<\/div>\n\t\t\t\t\t<\/div>\n\t\t<\/section>\n\t\t\t\t<div class=\"elementor-element elementor-element-52b61ad elementor-widget elementor-widget-abstand\" data-id=\"52b61ad\" data-element_type=\"widget\" data-e-type=\"widget\" data-widget_type=\"abstand.default\">\n\t\t\t\t<div class=\"elementor-widget-container\">\n\t\t\t\t\t<div class=\"nosun-widget nosun-abstand abstand-size-m\"><\/div>\t\t\t\t<\/div>\n\t\t\t\t<\/div>\n\t\t\t\t\t<\/div>\n\t\t<\/div>\n\t\t\t\t\t<\/div>\n\t\t<\/section>\n\t\t\t\t<\/div>\n\t\t","protected":false},"excerpt":{"rendered":"<p>Allgemeine Verkaufs\u00adbedingungen 1. Geltungsbereich 1.1 Diese Allgemeinen Verkaufsbedingungen gelten f\u00fcr alle Lieferungen und Leistungen der BDI-BioLife Science GmbH (&#8222;BDI&#8220;). 1.2 Abweichungen von den in 1.1 genannten Bedingungen sind nur bei schriftlicher Anerkennung durch BDI wirksam. 2. Angebot 2.1 Angebote der BDI gelten freibleibend. 2.2 Angaben in Katalogen, Prospekten und dergleichen und Eigenschaften von Mustern und <a href=\"https:\/\/www.bdi-biolifescience.com\/de\/agb\/\" class=\"more-link\">&#8230;<span class=\"screen-reader-text\">weiterlesen  AGB<\/span><\/a><\/p>\n","protected":false},"author":12,"featured_media":0,"parent":0,"menu_order":5,"comment_status":"closed","ping_status":"closed","template":"","meta":{"_acf_changed":false,"iawp_total_views":32,"footnotes":""},"class_list":["post-3595","page","type-page","status-publish","hentry"],"acf":[],"yoast_head":"<!-- This site is optimized with the Yoast SEO Premium plugin v23.6 (Yoast SEO v27.3) - https:\/\/yoast.com\/product\/yoast-seo-premium-wordpress\/ -->\n<title>AGB - BDI-BioLife Science<\/title>\n<meta name=\"robots\" content=\"noindex, nofollow\" \/>\n<meta property=\"og:locale\" content=\"de_DE\" \/>\n<meta property=\"og:type\" content=\"article\" \/>\n<meta property=\"og:title\" content=\"AGB\" \/>\n<meta property=\"og:description\" content=\"Allgemeine Verkaufs\u00adbedingungen 1. Geltungsbereich 1.1 Diese Allgemeinen Verkaufsbedingungen gelten f\u00fcr alle Lieferungen und Leistungen der BDI-BioLife Science GmbH (&#8222;BDI&#8220;). 1.2 Abweichungen von den in 1.1 genannten Bedingungen sind nur bei schriftlicher Anerkennung durch BDI wirksam. 2. Angebot 2.1 Angebote der BDI gelten freibleibend. 2.2 Angaben in Katalogen, Prospekten und dergleichen und Eigenschaften von Mustern und ...weiterlesen AGB\" \/>\n<meta property=\"og:url\" content=\"https:\/\/www.bdi-biolifescience.com\/de\/agb\/\" \/>\n<meta property=\"og:site_name\" content=\"BDI-BioLife Science\" \/>\n<meta property=\"article:modified_time\" content=\"2023-02-27T15:18:53+00:00\" \/>\n<meta name=\"twitter:card\" content=\"summary_large_image\" \/>\n<meta name=\"twitter:label1\" content=\"Gesch\u00e4tzte Lesezeit\" \/>\n\t<meta name=\"twitter:data1\" content=\"8\u00a0Minuten\" \/>\n<script type=\"application\/ld+json\" class=\"yoast-schema-graph\">{\"@context\":\"https:\\\/\\\/schema.org\",\"@graph\":[{\"@type\":\"WebPage\",\"@id\":\"https:\\\/\\\/www.bdi-biolifescience.com\\\/de\\\/agb\\\/\",\"url\":\"https:\\\/\\\/www.bdi-biolifescience.com\\\/de\\\/agb\\\/\",\"name\":\"AGB - BDI-BioLife Science\",\"isPartOf\":{\"@id\":\"https:\\\/\\\/www.bdi-biolifescience.com\\\/de\\\/#website\"},\"datePublished\":\"2023-02-27T15:16:44+00:00\",\"dateModified\":\"2023-02-27T15:18:53+00:00\",\"breadcrumb\":{\"@id\":\"https:\\\/\\\/www.bdi-biolifescience.com\\\/de\\\/agb\\\/#breadcrumb\"},\"inLanguage\":\"de\",\"potentialAction\":[{\"@type\":\"ReadAction\",\"target\":[\"https:\\\/\\\/www.bdi-biolifescience.com\\\/de\\\/agb\\\/\"]}]},{\"@type\":\"BreadcrumbList\",\"@id\":\"https:\\\/\\\/www.bdi-biolifescience.com\\\/de\\\/agb\\\/#breadcrumb\",\"itemListElement\":[{\"@type\":\"ListItem\",\"position\":1,\"name\":\"Startseite\",\"item\":\"https:\\\/\\\/www.bdi-biolifescience.com\\\/de\\\/\"},{\"@type\":\"ListItem\",\"position\":2,\"name\":\"AGB\"}]},{\"@type\":\"WebSite\",\"@id\":\"https:\\\/\\\/www.bdi-biolifescience.com\\\/de\\\/#website\",\"url\":\"https:\\\/\\\/www.bdi-biolifescience.com\\\/de\\\/\",\"name\":\"BDI-BioLife Science\",\"description\":\"\",\"publisher\":{\"@id\":\"https:\\\/\\\/www.bdi-biolifescience.com\\\/de\\\/#organization\"},\"potentialAction\":[{\"@type\":\"SearchAction\",\"target\":{\"@type\":\"EntryPoint\",\"urlTemplate\":\"https:\\\/\\\/www.bdi-biolifescience.com\\\/de\\\/?s={search_term_string}\"},\"query-input\":{\"@type\":\"PropertyValueSpecification\",\"valueRequired\":true,\"valueName\":\"search_term_string\"}}],\"inLanguage\":\"de\"},{\"@type\":\"Organization\",\"@id\":\"https:\\\/\\\/www.bdi-biolifescience.com\\\/de\\\/#organization\",\"name\":\"BDI-BioLife Science\",\"url\":\"https:\\\/\\\/www.bdi-biolifescience.com\\\/de\\\/\",\"logo\":{\"@type\":\"ImageObject\",\"inLanguage\":\"de\",\"@id\":\"https:\\\/\\\/www.bdi-biolifescience.com\\\/de\\\/#\\\/schema\\\/logo\\\/image\\\/\",\"url\":\"http:\\\/\\\/bdi-biolifescience.com.w0215a68.kasserver.com\\\/wp-content\\\/uploads\\\/2022\\\/10\\\/logo.svg\",\"contentUrl\":\"http:\\\/\\\/bdi-biolifescience.com.w0215a68.kasserver.com\\\/wp-content\\\/uploads\\\/2022\\\/10\\\/logo.svg\",\"width\":320,\"height\":41,\"caption\":\"BDI-BioLife Science\"},\"image\":{\"@id\":\"https:\\\/\\\/www.bdi-biolifescience.com\\\/de\\\/#\\\/schema\\\/logo\\\/image\\\/\"}}]}<\/script>\n<!-- \/ Yoast SEO Premium plugin. -->","yoast_head_json":{"title":"AGB - BDI-BioLife Science","robots":{"index":"noindex","follow":"nofollow"},"og_locale":"de_DE","og_type":"article","og_title":"AGB","og_description":"Allgemeine Verkaufs\u00adbedingungen 1. Geltungsbereich 1.1 Diese Allgemeinen Verkaufsbedingungen gelten f\u00fcr alle Lieferungen und Leistungen der BDI-BioLife Science GmbH (&#8222;BDI&#8220;). 1.2 Abweichungen von den in 1.1 genannten Bedingungen sind nur bei schriftlicher Anerkennung durch BDI wirksam. 2. Angebot 2.1 Angebote der BDI gelten freibleibend. 2.2 Angaben in Katalogen, Prospekten und dergleichen und Eigenschaften von Mustern und ...weiterlesen AGB","og_url":"https:\/\/www.bdi-biolifescience.com\/de\/agb\/","og_site_name":"BDI-BioLife Science","article_modified_time":"2023-02-27T15:18:53+00:00","twitter_card":"summary_large_image","twitter_misc":{"Gesch\u00e4tzte Lesezeit":"8\u00a0Minuten"},"schema":{"@context":"https:\/\/schema.org","@graph":[{"@type":"WebPage","@id":"https:\/\/www.bdi-biolifescience.com\/de\/agb\/","url":"https:\/\/www.bdi-biolifescience.com\/de\/agb\/","name":"AGB - BDI-BioLife Science","isPartOf":{"@id":"https:\/\/www.bdi-biolifescience.com\/de\/#website"},"datePublished":"2023-02-27T15:16:44+00:00","dateModified":"2023-02-27T15:18:53+00:00","breadcrumb":{"@id":"https:\/\/www.bdi-biolifescience.com\/de\/agb\/#breadcrumb"},"inLanguage":"de","potentialAction":[{"@type":"ReadAction","target":["https:\/\/www.bdi-biolifescience.com\/de\/agb\/"]}]},{"@type":"BreadcrumbList","@id":"https:\/\/www.bdi-biolifescience.com\/de\/agb\/#breadcrumb","itemListElement":[{"@type":"ListItem","position":1,"name":"Startseite","item":"https:\/\/www.bdi-biolifescience.com\/de\/"},{"@type":"ListItem","position":2,"name":"AGB"}]},{"@type":"WebSite","@id":"https:\/\/www.bdi-biolifescience.com\/de\/#website","url":"https:\/\/www.bdi-biolifescience.com\/de\/","name":"BDI-BioLife Science","description":"","publisher":{"@id":"https:\/\/www.bdi-biolifescience.com\/de\/#organization"},"potentialAction":[{"@type":"SearchAction","target":{"@type":"EntryPoint","urlTemplate":"https:\/\/www.bdi-biolifescience.com\/de\/?s={search_term_string}"},"query-input":{"@type":"PropertyValueSpecification","valueRequired":true,"valueName":"search_term_string"}}],"inLanguage":"de"},{"@type":"Organization","@id":"https:\/\/www.bdi-biolifescience.com\/de\/#organization","name":"BDI-BioLife Science","url":"https:\/\/www.bdi-biolifescience.com\/de\/","logo":{"@type":"ImageObject","inLanguage":"de","@id":"https:\/\/www.bdi-biolifescience.com\/de\/#\/schema\/logo\/image\/","url":"http:\/\/bdi-biolifescience.com.w0215a68.kasserver.com\/wp-content\/uploads\/2022\/10\/logo.svg","contentUrl":"http:\/\/bdi-biolifescience.com.w0215a68.kasserver.com\/wp-content\/uploads\/2022\/10\/logo.svg","width":320,"height":41,"caption":"BDI-BioLife Science"},"image":{"@id":"https:\/\/www.bdi-biolifescience.com\/de\/#\/schema\/logo\/image\/"}}]}},"publishpress_future_workflow_manual_trigger":{"enabledWorkflows":[]},"_links":{"self":[{"href":"https:\/\/www.bdi-biolifescience.com\/de\/wp-json\/wp\/v2\/pages\/3595","targetHints":{"allow":["GET"]}}],"collection":[{"href":"https:\/\/www.bdi-biolifescience.com\/de\/wp-json\/wp\/v2\/pages"}],"about":[{"href":"https:\/\/www.bdi-biolifescience.com\/de\/wp-json\/wp\/v2\/types\/page"}],"author":[{"embeddable":true,"href":"https:\/\/www.bdi-biolifescience.com\/de\/wp-json\/wp\/v2\/users\/12"}],"replies":[{"embeddable":true,"href":"https:\/\/www.bdi-biolifescience.com\/de\/wp-json\/wp\/v2\/comments?post=3595"}],"version-history":[{"count":2,"href":"https:\/\/www.bdi-biolifescience.com\/de\/wp-json\/wp\/v2\/pages\/3595\/revisions"}],"predecessor-version":[{"id":3599,"href":"https:\/\/www.bdi-biolifescience.com\/de\/wp-json\/wp\/v2\/pages\/3595\/revisions\/3599"}],"wp:attachment":[{"href":"https:\/\/www.bdi-biolifescience.com\/de\/wp-json\/wp\/v2\/media?parent=3595"}],"curies":[{"name":"wp","href":"https:\/\/api.w.org\/{rel}","templated":true}]}}