{"id":542,"date":"2022-10-20T08:37:16","date_gmt":"2022-10-20T06:37:16","guid":{"rendered":"http:\/\/bdi-biolifescience.com.w0215a68.kasserver.com\/?page_id=542"},"modified":"2025-03-14T15:20:51","modified_gmt":"2025-03-14T14:20:51","slug":"kontakt","status":"publish","type":"page","link":"https:\/\/www.bdi-biolifescience.com\/de\/kontakt\/","title":{"rendered":"Kontakt"},"content":{"rendered":"\t\t<div data-elementor-type=\"wp-page\" data-elementor-id=\"542\" class=\"elementor elementor-542\">\n\t\t\t\t\t\t<section class=\"elementor-section elementor-top-section elementor-element elementor-element-84d64a1 elementor-section-boxed elementor-section-height-default elementor-section-height-default\" data-id=\"84d64a1\" data-element_type=\"section\" data-e-type=\"section\" id=\"kontaktformular\">\n\t\t\t\t\t\t<div class=\"elementor-container elementor-column-gap-default\">\n\t\t\t\t\t<div class=\"elementor-column elementor-col-100 elementor-top-column elementor-element elementor-element-e5eb203\" data-id=\"e5eb203\" data-element_type=\"column\" data-e-type=\"column\">\n\t\t\t<div class=\"elementor-widget-wrap elementor-element-populated\">\n\t\t\t\t\t\t<div class=\"elementor-element elementor-element-c587b54 contactform elementor-widget elementor-widget-text-bild-video\" data-id=\"c587b54\" data-element_type=\"widget\" data-e-type=\"widget\" id=\"contactform\" data-widget_type=\"text-bild-video.default\">\n\t\t\t\t<div class=\"elementor-widget-container\">\n\t\t\t\t\t<div class=\"nosun-widget nosun-text-bild-video text-alignment-right object-position-center text-colsize-two_thirds text-spaltenanzahl-one tbv-height-normal_height\"><div class=\"container\"><div class=\"grid\"><div class=\"column tbv-text-container sixteen col-reverse\"><div class=\"tbv-text-inner\"><div class=\"tbv-heading-col\"><h2 class=\"tbv-heading\"><div class=\"ueberschrift_rot c-primary\"  >Anfrage<\/div><\/h2><\/div><div class=\"tbv-text-wrap-leftcol\"><div class=\"tbv-text wysiwyg\"  ><p>\n<div class=\"wpcf7 no-js\" id=\"wpcf7-f558-o1\" lang=\"de-DE\" dir=\"ltr\" data-wpcf7-id=\"558\">\n<div class=\"screen-reader-response\"><p role=\"status\" aria-live=\"polite\" aria-atomic=\"true\"><\/p> <ul><\/ul><\/div>\n<form action=\"\/de\/wp-json\/wp\/v2\/pages\/542#wpcf7-f558-o1\" method=\"post\" class=\"wpcf7-form init wpcf7-acceptance-as-validation\" aria-label=\"Kontaktformular\" novalidate=\"novalidate\" data-status=\"init\">\n<fieldset class=\"hidden-fields-container\"><input type=\"hidden\" name=\"_wpcf7\" value=\"558\" \/><input type=\"hidden\" name=\"_wpcf7_version\" value=\"6.1.5\" \/><input type=\"hidden\" name=\"_wpcf7_locale\" value=\"de_DE\" \/><input type=\"hidden\" name=\"_wpcf7_unit_tag\" value=\"wpcf7-f558-o1\" \/><input type=\"hidden\" name=\"_wpcf7_container_post\" value=\"0\" \/><input type=\"hidden\" name=\"_wpcf7_posted_data_hash\" value=\"\" \/>\n<\/fieldset>\n<p><span style=\"font-size:1.4rem;\">* Pflichtfelder<\/span>\n<\/p>\n<div class=\"flex-row h-space-between\">\n\t<div class=\"column left\">\n\t\t<p><span class=\"wpcf7-form-control-wrap\" data-name=\"menu-anrede\"><select class=\"wpcf7-form-control wpcf7-select\" aria-invalid=\"false\" name=\"menu-anrede\"><option value=\"\">Anrede<\/option><option value=\"Herr\">Herr<\/option><option value=\"Frau\">Frau<\/option><option value=\"Divers\">Divers<\/option><\/select><\/span><br \/>\n<span class=\"wpcf7-form-control-wrap\" data-name=\"your-name\"><input size=\"40\" maxlength=\"400\" class=\"wpcf7-form-control wpcf7-text wpcf7-validates-as-required\" aria-required=\"true\" aria-invalid=\"false\" placeholder=\"Vorname *\" value=\"\" type=\"text\" name=\"your-name\" \/><\/span><br \/>\n<span class=\"wpcf7-form-control-wrap\" data-name=\"your-lastname\"><input size=\"40\" maxlength=\"400\" class=\"wpcf7-form-control wpcf7-text wpcf7-validates-as-required\" aria-required=\"true\" aria-invalid=\"false\" placeholder=\"Nachname *\" value=\"\" type=\"text\" name=\"your-lastname\" \/><\/span>\n\t\t<\/p>\n\t\t<div class=\"interest-check\" style=\"margin-bottom: 20px;\">\n\t\t\t<p>Ich interessiere mich f\u00fcr:<br \/>\n<span class=\"wpcf7-form-control-wrap\" data-name=\"checkbox-interest\"><span class=\"wpcf7-form-control wpcf7-checkbox\"><span class=\"wpcf7-list-item first\"><label><input type=\"checkbox\" name=\"checkbox-interest[]\" value=\"Nahrungserg\u00e4nzungsmittel\" \/><span class=\"wpcf7-list-item-label\">Nahrungserg\u00e4nzungsmittel<\/span><\/label><\/span><span class=\"wpcf7-list-item last\"><label><input type=\"checkbox\" name=\"checkbox-interest[]\" value=\"Kosmetik\" \/><span class=\"wpcf7-list-item-label\">Kosmetik<\/span><\/label><\/span><\/span><\/span>\n\t\t\t<\/p>\n\t\t<\/div>\n\t\t<p><span class=\"wpcf7-form-control-wrap\" data-name=\"your-message\"><textarea cols=\"40\" rows=\"10\" maxlength=\"2000\" class=\"wpcf7-form-control wpcf7-textarea wpcf7-validates-as-required\" aria-required=\"true\" aria-invalid=\"false\" placeholder=\"Ihre Nachricht *\" name=\"your-message\"><\/textarea><\/span>\n\t\t<\/p>\n\t<\/div>\n\t<div class=\"column right\">\n\t\t<p><span class=\"wpcf7-form-control-wrap\" data-name=\"your-company\"><input size=\"40\" maxlength=\"400\" class=\"wpcf7-form-control wpcf7-text wpcf7-validates-as-required\" aria-required=\"true\" aria-invalid=\"false\" placeholder=\"Unternehmen *\" value=\"\" type=\"text\" name=\"your-company\" \/><\/span><br \/>\n<span class=\"wpcf7-form-control-wrap\" data-name=\"your-email\"><input size=\"40\" maxlength=\"400\" class=\"wpcf7-form-control wpcf7-email wpcf7-validates-as-required wpcf7-text wpcf7-validates-as-email\" aria-required=\"true\" aria-invalid=\"false\" placeholder=\"E-Mail *\" value=\"\" type=\"email\" name=\"your-email\" \/><\/span><br \/>\n<span class=\"wpcf7-form-control-wrap\" data-name=\"your-tel\"><input size=\"40\" maxlength=\"400\" class=\"wpcf7-form-control wpcf7-text wpcf7-validates-as-required\" aria-required=\"true\" aria-invalid=\"false\" placeholder=\"Telefon *\" value=\"\" type=\"text\" name=\"your-tel\" \/><\/span><br \/>\n\t\t<input class=\"wpcf7-form-control wpcf7-hidden\" id=\"ursprungsseite\" value=\"\" type=\"hidden\" name=\"ursprungsseite\" \/><br \/>\n<span class=\"wpcf7-form-control-wrap\" data-name=\"acceptance-dataprivacy\"><span class=\"wpcf7-form-control wpcf7-acceptance\"><span class=\"wpcf7-list-item\"><label><input type=\"checkbox\" name=\"acceptance-dataprivacy\" value=\"1\" aria-invalid=\"false\" \/><span class=\"wpcf7-list-item-label\">Sie erkl\u00e4ren sich damit einverstanden, dass Ihre Daten zur Bearbeitung Ihres Anliegens verwendet werden. Weitere Informationen und Widerrufshinweise finden Sie in unserer <a href=\"\/de\/datenschutzerklaerung\/\" target=\"_blank\" rel=\"noopener noreferrer\">Datenschutzerkl\u00e4rung<\/a>.<\/span><\/label><\/span><\/span><\/span><br \/>\n<input class=\"wpcf7-form-control wpcf7-submit has-spinner\" type=\"submit\" value=\"Senden\" \/>\n\t\t<\/p>\n\t<\/div>\n<\/div><div class=\"wpcf7-response-output\" aria-hidden=\"true\"><\/div>\n<\/form>\n<\/div>\n<\/p><\/div><\/div><\/div><\/div><div class=\"tbv-image-container column eight\"><div class=\"tbv-image-inner\"><img fetchpriority=\"high\" decoding=\"async\" width=\"1521\" height=\"1275\" src=\"https:\/\/www.bdi-biolifescience.com\/wp-content\/uploads\/2022\/11\/bdi-biolife-science-kontaktanfrage.jpg\" class=\"attachment-full size-full\" alt=\"\" srcset=\"https:\/\/www.bdi-biolifescience.com\/wp-content\/uploads\/2022\/11\/bdi-biolife-science-kontaktanfrage.jpg 1521w, https:\/\/www.bdi-biolifescience.com\/wp-content\/uploads\/2022\/11\/bdi-biolife-science-kontaktanfrage-300x251.jpg 300w, https:\/\/www.bdi-biolifescience.com\/wp-content\/uploads\/2022\/11\/bdi-biolife-science-kontaktanfrage-1024x858.jpg 1024w, https:\/\/www.bdi-biolifescience.com\/wp-content\/uploads\/2022\/11\/bdi-biolife-science-kontaktanfrage-768x644.jpg 768w, https:\/\/www.bdi-biolifescience.com\/wp-content\/uploads\/2022\/11\/bdi-biolife-science-kontaktanfrage-80x67.jpg 80w\" sizes=\"(max-width: 1521px) 100vw, 1521px\" \/><\/div><\/div><\/div><\/div><\/div>\t\t\t\t<\/div>\n\t\t\t\t<\/div>\n\t\t\t\t\t<\/div>\n\t\t<\/div>\n\t\t\t\t\t<\/div>\n\t\t<\/section>\n\t\t\t\t<section class=\"elementor-section elementor-top-section elementor-element elementor-element-364c2ee elementor-section-boxed elementor-section-height-default elementor-section-height-default\" data-id=\"364c2ee\" data-element_type=\"section\" data-e-type=\"section\">\n\t\t\t\t\t\t<div class=\"elementor-container elementor-column-gap-default\">\n\t\t\t\t\t<div class=\"elementor-column elementor-col-100 elementor-top-column elementor-element elementor-element-d8278d0\" data-id=\"d8278d0\" data-element_type=\"column\" data-e-type=\"column\">\n\t\t\t<div class=\"elementor-widget-wrap elementor-element-populated\">\n\t\t\t\t\t\t<div class=\"elementor-element elementor-element-9b8fe49 elementor-widget elementor-widget-text-bild-video\" data-id=\"9b8fe49\" data-element_type=\"widget\" data-e-type=\"widget\" data-widget_type=\"text-bild-video.default\">\n\t\t\t\t<div class=\"elementor-widget-container\">\n\t\t\t\t\t<div class=\"nosun-widget nosun-text-bild-video text-alignment-left object-position-center text-colsize-one_third text-spaltenanzahl-one tbv-height-normal_height\"><div class=\"container\"><div class=\"grid\"><div class=\"column tbv-text-container eight\"><div class=\"tbv-text-inner\"><div class=\"tbv-heading-col\"><h1 class=\"tbv-heading\"><div class=\"ueberschrift_rot c-primary\"  >BDI-BioLife Science <\/div><div class=\"ueberschrift_normal\"  >Kontakt<\/div><\/h1><div class=\"untertitel c-primary fs-l italic\"  >Auf der Website surfen ist sch\u00f6n, aber reden ist noch besser \u2013 nehmen Sie Kontakt mit uns auf!<\/div><\/div><div class=\"tbv-text-wrap-leftcol\"><div class=\"tbv-text wysiwyg\"  ><h5>Headquarters:<\/h5><p>Parkring 18, 8074 Raaba-Grambach, \u00d6sterreich<\/p><h5>Produktionsstandort:<\/h5><p>Am \u00d6kopark 22, 8230 Hartberg, \u00d6sterreich<\/p><p><a class=\"button small\" href=\"https:\/\/www.google.com\/maps\/place\/BDI-BioLife+Science+GmbH\/@47.2575618,15.9714161,17z\/data=!4m13!1m7!3m6!1s0x476e5f687a66f07b:0x49f3056499bdaf5d!2sAm+%C3%96KOPARK+22,+8230+Hartberg!3b1!8m2!3d47.2574128!4d15.9721549!3m4!1s0x476e5f0a1ca79a5b:0xe18ab27126234c7b!8m2!3d47.2574605!4d15.9721136\" target=\"_blank\" rel=\"noopener noreferrer nofollow\">Auf Karte anzeigen<\/a><\/p><p>\u00d6ffnungszeiten:<br \/>Montag bis Donnerstag: 8:00 bis 16:00<br \/>Freitag: 8:00 bis 13:00<\/p><h5>Kontakt<\/h5><p>Telefonnummer: +43 3332 32042 10<br \/>E-Mail: <a href=\"mailto:office@bdi-biolifescience.com\">office@bdi-biolifescience.com<\/a><\/p><\/div><\/div><\/div><\/div><div class=\"tbv-image-container column sixteen\"><div class=\"tbv-image-inner\"><img decoding=\"async\" width=\"2363\" height=\"2363\" src=\"https:\/\/www.bdi-biolifescience.com\/wp-content\/uploads\/2023\/02\/BLS_020_11-LG-hoch-Schwarz-Zusatz.png\" class=\"attachment-full size-full\" alt=\"\" srcset=\"https:\/\/www.bdi-biolifescience.com\/wp-content\/uploads\/2023\/02\/BLS_020_11-LG-hoch-Schwarz-Zusatz.png 2363w, https:\/\/www.bdi-biolifescience.com\/wp-content\/uploads\/2023\/02\/BLS_020_11-LG-hoch-Schwarz-Zusatz-300x300.png 300w, https:\/\/www.bdi-biolifescience.com\/wp-content\/uploads\/2023\/02\/BLS_020_11-LG-hoch-Schwarz-Zusatz-1024x1024.png 1024w, https:\/\/www.bdi-biolifescience.com\/wp-content\/uploads\/2023\/02\/BLS_020_11-LG-hoch-Schwarz-Zusatz-150x150.png 150w, https:\/\/www.bdi-biolifescience.com\/wp-content\/uploads\/2023\/02\/BLS_020_11-LG-hoch-Schwarz-Zusatz-768x768.png 768w, https:\/\/www.bdi-biolifescience.com\/wp-content\/uploads\/2023\/02\/BLS_020_11-LG-hoch-Schwarz-Zusatz-1536x1536.png 1536w, https:\/\/www.bdi-biolifescience.com\/wp-content\/uploads\/2023\/02\/BLS_020_11-LG-hoch-Schwarz-Zusatz-2048x2048.png 2048w, https:\/\/www.bdi-biolifescience.com\/wp-content\/uploads\/2023\/02\/BLS_020_11-LG-hoch-Schwarz-Zusatz-80x80.png 80w\" sizes=\"(max-width: 2363px) 100vw, 2363px\" \/><\/div><\/div><\/div><\/div><\/div>\t\t\t\t<\/div>\n\t\t\t\t<\/div>\n\t\t\t\t\t<\/div>\n\t\t<\/div>\n\t\t\t\t\t<\/div>\n\t\t<\/section>\n\t\t\t\t<\/div>\n\t\t","protected":false},"excerpt":{"rendered":"<p>Anfrage BDI-BioLife Science Kontakt Auf der Website surfen ist sch\u00f6n, aber reden ist noch besser \u2013 nehmen Sie Kontakt mit uns auf! Headquarters: Parkring 18, 8074 Raaba-Grambach, \u00d6sterreich Produktionsstandort: Am \u00d6kopark 22, 8230 Hartberg, \u00d6sterreich Auf Karte anzeigen \u00d6ffnungszeiten:Montag bis Donnerstag: 8:00 bis 16:00Freitag: 8:00 bis 13:00 Kontakt Telefonnummer: +43 3332 32042 10E-Mail: office@bdi-biolifescience.com<\/p>\n","protected":false},"author":3,"featured_media":0,"parent":0,"menu_order":45,"comment_status":"closed","ping_status":"closed","template":"","meta":{"_acf_changed":false,"iawp_total_views":290,"footnotes":""},"class_list":["post-542","page","type-page","status-publish","hentry"],"acf":[],"yoast_head":"<!-- This site is optimized with the Yoast SEO Premium plugin v23.6 (Yoast SEO v27.3) - https:\/\/yoast.com\/product\/yoast-seo-premium-wordpress\/ -->\n<title>Kontakt - BDI-BioLife Science<\/title>\n<meta name=\"description\" content=\"Sie haben Fragen zu Astaxanthin und unseren Produkten? Dann nehmen Sie Kontakt mit uns auf! Wir freuen uns auf Ihre Anfrage!\" \/>\n<meta name=\"robots\" content=\"index, follow, max-snippet:-1, max-image-preview:large, max-video-preview:-1\" \/>\n<link rel=\"canonical\" href=\"https:\/\/www.bdi-biolifescience.com\/de\/kontakt\/\" \/>\n<meta property=\"og:locale\" content=\"de_DE\" \/>\n<meta property=\"og:type\" content=\"article\" \/>\n<meta property=\"og:title\" content=\"Kontakt\" \/>\n<meta property=\"og:description\" content=\"Sie haben Fragen zu Astaxanthin und unseren Produkten? Dann nehmen Sie Kontakt mit uns auf! Wir freuen uns auf Ihre Anfrage!\" \/>\n<meta property=\"og:url\" content=\"https:\/\/www.bdi-biolifescience.com\/de\/kontakt\/\" \/>\n<meta property=\"og:site_name\" content=\"BDI-BioLife Science\" \/>\n<meta property=\"article:modified_time\" content=\"2025-03-14T14:20:51+00:00\" \/>\n<meta property=\"og:image\" content=\"http:\/\/bdi-biolifescience.com.w0215a68.kasserver.com\/wp-content\/uploads\/2022\/11\/bdi-biolife-science-kontaktanfrage.jpg\" \/>\n<meta name=\"twitter:card\" content=\"summary_large_image\" \/>\n<meta name=\"twitter:label1\" content=\"Gesch\u00e4tzte Lesezeit\" \/>\n\t<meta name=\"twitter:data1\" content=\"1\u00a0Minute\" \/>\n<script type=\"application\/ld+json\" class=\"yoast-schema-graph\">{\"@context\":\"https:\\\/\\\/schema.org\",\"@graph\":[{\"@type\":\"WebPage\",\"@id\":\"https:\\\/\\\/www.bdi-biolifescience.com\\\/de\\\/kontakt\\\/\",\"url\":\"https:\\\/\\\/www.bdi-biolifescience.com\\\/de\\\/kontakt\\\/\",\"name\":\"Kontakt - BDI-BioLife Science\",\"isPartOf\":{\"@id\":\"https:\\\/\\\/www.bdi-biolifescience.com\\\/de\\\/#website\"},\"primaryImageOfPage\":{\"@id\":\"https:\\\/\\\/www.bdi-biolifescience.com\\\/de\\\/kontakt\\\/#primaryimage\"},\"image\":{\"@id\":\"https:\\\/\\\/www.bdi-biolifescience.com\\\/de\\\/kontakt\\\/#primaryimage\"},\"thumbnailUrl\":\"http:\\\/\\\/bdi-biolifescience.com.w0215a68.kasserver.com\\\/wp-content\\\/uploads\\\/2022\\\/11\\\/bdi-biolife-science-kontaktanfrage.jpg\",\"datePublished\":\"2022-10-20T06:37:16+00:00\",\"dateModified\":\"2025-03-14T14:20:51+00:00\",\"description\":\"Sie haben Fragen zu Astaxanthin und unseren Produkten? Dann nehmen Sie Kontakt mit uns auf! Wir freuen uns auf Ihre Anfrage!\",\"breadcrumb\":{\"@id\":\"https:\\\/\\\/www.bdi-biolifescience.com\\\/de\\\/kontakt\\\/#breadcrumb\"},\"inLanguage\":\"de\",\"potentialAction\":[{\"@type\":\"ReadAction\",\"target\":[\"https:\\\/\\\/www.bdi-biolifescience.com\\\/de\\\/kontakt\\\/\"]}]},{\"@type\":\"ImageObject\",\"inLanguage\":\"de\",\"@id\":\"https:\\\/\\\/www.bdi-biolifescience.com\\\/de\\\/kontakt\\\/#primaryimage\",\"url\":\"http:\\\/\\\/bdi-biolifescience.com.w0215a68.kasserver.com\\\/wp-content\\\/uploads\\\/2022\\\/11\\\/bdi-biolife-science-kontaktanfrage.jpg\",\"contentUrl\":\"http:\\\/\\\/bdi-biolifescience.com.w0215a68.kasserver.com\\\/wp-content\\\/uploads\\\/2022\\\/11\\\/bdi-biolife-science-kontaktanfrage.jpg\"},{\"@type\":\"BreadcrumbList\",\"@id\":\"https:\\\/\\\/www.bdi-biolifescience.com\\\/de\\\/kontakt\\\/#breadcrumb\",\"itemListElement\":[{\"@type\":\"ListItem\",\"position\":1,\"name\":\"Startseite\",\"item\":\"https:\\\/\\\/www.bdi-biolifescience.com\\\/de\\\/\"},{\"@type\":\"ListItem\",\"position\":2,\"name\":\"Kontakt\"}]},{\"@type\":\"WebSite\",\"@id\":\"https:\\\/\\\/www.bdi-biolifescience.com\\\/de\\\/#website\",\"url\":\"https:\\\/\\\/www.bdi-biolifescience.com\\\/de\\\/\",\"name\":\"BDI-BioLife Science\",\"description\":\"\",\"publisher\":{\"@id\":\"https:\\\/\\\/www.bdi-biolifescience.com\\\/de\\\/#organization\"},\"potentialAction\":[{\"@type\":\"SearchAction\",\"target\":{\"@type\":\"EntryPoint\",\"urlTemplate\":\"https:\\\/\\\/www.bdi-biolifescience.com\\\/de\\\/?s={search_term_string}\"},\"query-input\":{\"@type\":\"PropertyValueSpecification\",\"valueRequired\":true,\"valueName\":\"search_term_string\"}}],\"inLanguage\":\"de\"},{\"@type\":\"Organization\",\"@id\":\"https:\\\/\\\/www.bdi-biolifescience.com\\\/de\\\/#organization\",\"name\":\"BDI-BioLife Science\",\"url\":\"https:\\\/\\\/www.bdi-biolifescience.com\\\/de\\\/\",\"logo\":{\"@type\":\"ImageObject\",\"inLanguage\":\"de\",\"@id\":\"https:\\\/\\\/www.bdi-biolifescience.com\\\/de\\\/#\\\/schema\\\/logo\\\/image\\\/\",\"url\":\"http:\\\/\\\/bdi-biolifescience.com.w0215a68.kasserver.com\\\/wp-content\\\/uploads\\\/2022\\\/10\\\/logo.svg\",\"contentUrl\":\"http:\\\/\\\/bdi-biolifescience.com.w0215a68.kasserver.com\\\/wp-content\\\/uploads\\\/2022\\\/10\\\/logo.svg\",\"width\":320,\"height\":41,\"caption\":\"BDI-BioLife Science\"},\"image\":{\"@id\":\"https:\\\/\\\/www.bdi-biolifescience.com\\\/de\\\/#\\\/schema\\\/logo\\\/image\\\/\"}}]}<\/script>\n<!-- \/ Yoast SEO Premium plugin. -->","yoast_head_json":{"title":"Kontakt - BDI-BioLife Science","description":"Sie haben Fragen zu Astaxanthin und unseren Produkten? Dann nehmen Sie Kontakt mit uns auf! Wir freuen uns auf Ihre Anfrage!","robots":{"index":"index","follow":"follow","max-snippet":"max-snippet:-1","max-image-preview":"max-image-preview:large","max-video-preview":"max-video-preview:-1"},"canonical":"https:\/\/www.bdi-biolifescience.com\/de\/kontakt\/","og_locale":"de_DE","og_type":"article","og_title":"Kontakt","og_description":"Sie haben Fragen zu Astaxanthin und unseren Produkten? Dann nehmen Sie Kontakt mit uns auf! Wir freuen uns auf Ihre Anfrage!","og_url":"https:\/\/www.bdi-biolifescience.com\/de\/kontakt\/","og_site_name":"BDI-BioLife Science","article_modified_time":"2025-03-14T14:20:51+00:00","og_image":[{"url":"http:\/\/bdi-biolifescience.com.w0215a68.kasserver.com\/wp-content\/uploads\/2022\/11\/bdi-biolife-science-kontaktanfrage.jpg","type":"","width":"","height":""}],"twitter_card":"summary_large_image","twitter_misc":{"Gesch\u00e4tzte Lesezeit":"1\u00a0Minute"},"schema":{"@context":"https:\/\/schema.org","@graph":[{"@type":"WebPage","@id":"https:\/\/www.bdi-biolifescience.com\/de\/kontakt\/","url":"https:\/\/www.bdi-biolifescience.com\/de\/kontakt\/","name":"Kontakt - BDI-BioLife Science","isPartOf":{"@id":"https:\/\/www.bdi-biolifescience.com\/de\/#website"},"primaryImageOfPage":{"@id":"https:\/\/www.bdi-biolifescience.com\/de\/kontakt\/#primaryimage"},"image":{"@id":"https:\/\/www.bdi-biolifescience.com\/de\/kontakt\/#primaryimage"},"thumbnailUrl":"http:\/\/bdi-biolifescience.com.w0215a68.kasserver.com\/wp-content\/uploads\/2022\/11\/bdi-biolife-science-kontaktanfrage.jpg","datePublished":"2022-10-20T06:37:16+00:00","dateModified":"2025-03-14T14:20:51+00:00","description":"Sie haben Fragen zu Astaxanthin und unseren Produkten? Dann nehmen Sie Kontakt mit uns auf! Wir freuen uns auf Ihre Anfrage!","breadcrumb":{"@id":"https:\/\/www.bdi-biolifescience.com\/de\/kontakt\/#breadcrumb"},"inLanguage":"de","potentialAction":[{"@type":"ReadAction","target":["https:\/\/www.bdi-biolifescience.com\/de\/kontakt\/"]}]},{"@type":"ImageObject","inLanguage":"de","@id":"https:\/\/www.bdi-biolifescience.com\/de\/kontakt\/#primaryimage","url":"http:\/\/bdi-biolifescience.com.w0215a68.kasserver.com\/wp-content\/uploads\/2022\/11\/bdi-biolife-science-kontaktanfrage.jpg","contentUrl":"http:\/\/bdi-biolifescience.com.w0215a68.kasserver.com\/wp-content\/uploads\/2022\/11\/bdi-biolife-science-kontaktanfrage.jpg"},{"@type":"BreadcrumbList","@id":"https:\/\/www.bdi-biolifescience.com\/de\/kontakt\/#breadcrumb","itemListElement":[{"@type":"ListItem","position":1,"name":"Startseite","item":"https:\/\/www.bdi-biolifescience.com\/de\/"},{"@type":"ListItem","position":2,"name":"Kontakt"}]},{"@type":"WebSite","@id":"https:\/\/www.bdi-biolifescience.com\/de\/#website","url":"https:\/\/www.bdi-biolifescience.com\/de\/","name":"BDI-BioLife Science","description":"","publisher":{"@id":"https:\/\/www.bdi-biolifescience.com\/de\/#organization"},"potentialAction":[{"@type":"SearchAction","target":{"@type":"EntryPoint","urlTemplate":"https:\/\/www.bdi-biolifescience.com\/de\/?s={search_term_string}"},"query-input":{"@type":"PropertyValueSpecification","valueRequired":true,"valueName":"search_term_string"}}],"inLanguage":"de"},{"@type":"Organization","@id":"https:\/\/www.bdi-biolifescience.com\/de\/#organization","name":"BDI-BioLife Science","url":"https:\/\/www.bdi-biolifescience.com\/de\/","logo":{"@type":"ImageObject","inLanguage":"de","@id":"https:\/\/www.bdi-biolifescience.com\/de\/#\/schema\/logo\/image\/","url":"http:\/\/bdi-biolifescience.com.w0215a68.kasserver.com\/wp-content\/uploads\/2022\/10\/logo.svg","contentUrl":"http:\/\/bdi-biolifescience.com.w0215a68.kasserver.com\/wp-content\/uploads\/2022\/10\/logo.svg","width":320,"height":41,"caption":"BDI-BioLife Science"},"image":{"@id":"https:\/\/www.bdi-biolifescience.com\/de\/#\/schema\/logo\/image\/"}}]}},"publishpress_future_workflow_manual_trigger":{"enabledWorkflows":[]},"_links":{"self":[{"href":"https:\/\/www.bdi-biolifescience.com\/de\/wp-json\/wp\/v2\/pages\/542","targetHints":{"allow":["GET"]}}],"collection":[{"href":"https:\/\/www.bdi-biolifescience.com\/de\/wp-json\/wp\/v2\/pages"}],"about":[{"href":"https:\/\/www.bdi-biolifescience.com\/de\/wp-json\/wp\/v2\/types\/page"}],"author":[{"embeddable":true,"href":"https:\/\/www.bdi-biolifescience.com\/de\/wp-json\/wp\/v2\/users\/3"}],"replies":[{"embeddable":true,"href":"https:\/\/www.bdi-biolifescience.com\/de\/wp-json\/wp\/v2\/comments?post=542"}],"version-history":[{"count":63,"href":"https:\/\/www.bdi-biolifescience.com\/de\/wp-json\/wp\/v2\/pages\/542\/revisions"}],"predecessor-version":[{"id":11695,"href":"https:\/\/www.bdi-biolifescience.com\/de\/wp-json\/wp\/v2\/pages\/542\/revisions\/11695"}],"wp:attachment":[{"href":"https:\/\/www.bdi-biolifescience.com\/de\/wp-json\/wp\/v2\/media?parent=542"}],"curies":[{"name":"wp","href":"https:\/\/api.w.org\/{rel}","templated":true}]}}