{"id":727,"date":"2022-10-25T07:49:45","date_gmt":"2022-10-25T05:49:45","guid":{"rendered":"http:\/\/bdi-biolifescience.com.w0215a68.kasserver.com\/?page_id=727"},"modified":"2024-08-05T07:48:37","modified_gmt":"2024-08-05T05:48:37","slug":"karriere","status":"publish","type":"page","link":"https:\/\/www.bdi-biolifescience.com\/de\/karriere\/","title":{"rendered":"Karriere"},"content":{"rendered":"\t\t<div data-elementor-type=\"wp-page\" data-elementor-id=\"727\" class=\"elementor elementor-727\">\n\t\t\t\t\t\t<section class=\"elementor-section elementor-top-section elementor-element elementor-element-7e24139 elementor-section-boxed elementor-section-height-default elementor-section-height-default\" data-id=\"7e24139\" data-element_type=\"section\" data-e-type=\"section\">\n\t\t\t\t\t\t<div class=\"elementor-container elementor-column-gap-default\">\n\t\t\t\t\t<div class=\"elementor-column elementor-col-100 elementor-top-column elementor-element elementor-element-535c99e\" data-id=\"535c99e\" data-element_type=\"column\" data-e-type=\"column\">\n\t\t\t<div class=\"elementor-widget-wrap elementor-element-populated\">\n\t\t\t\t\t\t<div class=\"elementor-element elementor-element-cb62390 elementor-widget elementor-widget-text-bild-video\" data-id=\"cb62390\" data-element_type=\"widget\" data-e-type=\"widget\" data-widget_type=\"text-bild-video.default\">\n\t\t\t\t<div class=\"elementor-widget-container\">\n\t\t\t\t\t<div class=\"nosun-widget nosun-text-bild-video text-alignment-left object-position-center text-colsize-one_third text-spaltenanzahl-one tbv-height-full_height\"><div class=\"container\"><div class=\"grid\"><div class=\"column tbv-text-container eight\"><div class=\"tbv-text-inner\"><div class=\"tbv-heading-col\"><h1 class=\"tbv-heading\"><div class=\"ueberschrift_rot c-primary\"  >Karriere <\/div><div class=\"ueberschrift_normal\"  >bei uns<\/div><\/h1><div class=\"untertitel c-primary fs-l italic\"  >Wo Begeisterung und Innovation aufeinandertreffen.<\/div><\/div><div class=\"tbv-text-wrap-leftcol\"><div class=\"tbv-text wysiwyg\"  ><p>In Zeiten des technologischen Wandels ist es uns wichtiger denn je, die Herausforderungen der Life-Science-Industrie zu meistern um die Bed\u00fcrfnisse unserer Kunden zu erf\u00fcllen. Eine Karriere bei uns bietet unz\u00e4hlige M\u00f6glichkeiten, sich beruflich weiterzuentwickeln und Ideen umzusetzen.<\/p><\/div><\/div><\/div><\/div><div class=\"tbv-image-container column sixteen\"><div class=\"tbv-image-inner\"><img fetchpriority=\"high\" decoding=\"async\" width=\"2301\" height=\"1820\" src=\"https:\/\/www.bdi-biolifescience.com\/wp-content\/uploads\/2022\/11\/karriere-bei-bdi-biolife-science-wo-begeisterung-und-innovation-aufeinandertreffen.jpg\" class=\"attachment-full size-full\" alt=\"\" srcset=\"https:\/\/www.bdi-biolifescience.com\/wp-content\/uploads\/2022\/11\/karriere-bei-bdi-biolife-science-wo-begeisterung-und-innovation-aufeinandertreffen.jpg 2301w, https:\/\/www.bdi-biolifescience.com\/wp-content\/uploads\/2022\/11\/karriere-bei-bdi-biolife-science-wo-begeisterung-und-innovation-aufeinandertreffen-300x237.jpg 300w, https:\/\/www.bdi-biolifescience.com\/wp-content\/uploads\/2022\/11\/karriere-bei-bdi-biolife-science-wo-begeisterung-und-innovation-aufeinandertreffen-1024x810.jpg 1024w, https:\/\/www.bdi-biolifescience.com\/wp-content\/uploads\/2022\/11\/karriere-bei-bdi-biolife-science-wo-begeisterung-und-innovation-aufeinandertreffen-768x607.jpg 768w, https:\/\/www.bdi-biolifescience.com\/wp-content\/uploads\/2022\/11\/karriere-bei-bdi-biolife-science-wo-begeisterung-und-innovation-aufeinandertreffen-1536x1215.jpg 1536w, https:\/\/www.bdi-biolifescience.com\/wp-content\/uploads\/2022\/11\/karriere-bei-bdi-biolife-science-wo-begeisterung-und-innovation-aufeinandertreffen-2048x1620.jpg 2048w, https:\/\/www.bdi-biolifescience.com\/wp-content\/uploads\/2022\/11\/karriere-bei-bdi-biolife-science-wo-begeisterung-und-innovation-aufeinandertreffen-80x63.jpg 80w\" sizes=\"(max-width: 2301px) 100vw, 2301px\" \/><\/div><\/div><\/div><\/div><\/div>\t\t\t\t<\/div>\n\t\t\t\t<\/div>\n\t\t\t\t\t<\/div>\n\t\t<\/div>\n\t\t\t\t\t<\/div>\n\t\t<\/section>\n\t\t\t\t<section class=\"elementor-section elementor-top-section elementor-element elementor-element-3718823 elementor-section-boxed elementor-section-height-default elementor-section-height-default\" data-id=\"3718823\" data-element_type=\"section\" data-e-type=\"section\">\n\t\t\t\t\t\t<div class=\"elementor-container elementor-column-gap-default\">\n\t\t\t\t\t<div class=\"elementor-column elementor-col-100 elementor-top-column elementor-element elementor-element-7456e7f\" data-id=\"7456e7f\" data-element_type=\"column\" data-e-type=\"column\">\n\t\t\t<div class=\"elementor-widget-wrap elementor-element-populated\">\n\t\t\t\t\t\t<div class=\"elementor-element elementor-element-715740a elementor-widget elementor-widget-offene-stellen\" data-id=\"715740a\" data-element_type=\"widget\" data-e-type=\"widget\" data-widget_type=\"offene-stellen.default\">\n\t\t\t\t<div class=\"elementor-widget-container\">\n\t\t\t\t\t<div class=\"nosun-widget news-beitraege offene-stellen bg-lightest-gray\"><div class=\"container small\"><div class=\"post-intro text-align-center\"><h2 class=\"tbv-heading\"><div class=\"ueberschrift_rot c-primary\"  >Offene Stellen<\/div><\/h2><\/div><div class=\"post-filter-nav uppercase fs-xs ls-l\"><div class=\"post-fn-title\"><span class=\"fn-title-text\">Filtern nach<\/span><\/div><div class=\"post-fn-inner\"><div class=\"post-fn-kategorie\" id=\"kat-hartberg\" data-post-kategorie=\"hartberg\">Hartberg<\/div><\/div><\/div><div class=\"grid post-grid grid-15\"><div class=\"post-column active animate column five hartberg\" data-post-kategorien=\"hartberg\" id=\"post-11528\"><div class=\"post-unit\"><div class=\"pu-image-container\"><div class=\"pu-cat-tag c-primary uppercase fw-700 lh-s\">Hartberg<\/div><a href=\"https:\/\/www.bdi-biolifescience.com\/de\/offene-stellen\/mitarbeiterin-fuer-die-produktion-von-mikroalgen-fuer-nahrungsergaenzungsmittel-und-kosmetik-m-w-d\/\"><img decoding=\"async\" width=\"1024\" height=\"768\" src=\"https:\/\/www.bdi-biolifescience.com\/wp-content\/uploads\/2022\/11\/astafit-ol50-ol100-wir-stellen-das-oleoresin-her-das-optimal-an-ihre-beduerfnisse-angepasst-ist-1024x768.jpg\" class=\"attachment-large size-large wp-post-image\" alt=\"\" srcset=\"https:\/\/www.bdi-biolifescience.com\/wp-content\/uploads\/2022\/11\/astafit-ol50-ol100-wir-stellen-das-oleoresin-her-das-optimal-an-ihre-beduerfnisse-angepasst-ist-1024x768.jpg 1024w, https:\/\/www.bdi-biolifescience.com\/wp-content\/uploads\/2022\/11\/astafit-ol50-ol100-wir-stellen-das-oleoresin-her-das-optimal-an-ihre-beduerfnisse-angepasst-ist-300x225.jpg 300w, https:\/\/www.bdi-biolifescience.com\/wp-content\/uploads\/2022\/11\/astafit-ol50-ol100-wir-stellen-das-oleoresin-her-das-optimal-an-ihre-beduerfnisse-angepasst-ist-768x576.jpg 768w, https:\/\/www.bdi-biolifescience.com\/wp-content\/uploads\/2022\/11\/astafit-ol50-ol100-wir-stellen-das-oleoresin-her-das-optimal-an-ihre-beduerfnisse-angepasst-ist-1536x1152.jpg 1536w, https:\/\/www.bdi-biolifescience.com\/wp-content\/uploads\/2022\/11\/astafit-ol50-ol100-wir-stellen-das-oleoresin-her-das-optimal-an-ihre-beduerfnisse-angepasst-ist-2048x1536.jpg 2048w, https:\/\/www.bdi-biolifescience.com\/wp-content\/uploads\/2022\/11\/astafit-ol50-ol100-wir-stellen-das-oleoresin-her-das-optimal-an-ihre-beduerfnisse-angepasst-ist-80x60.jpg 80w\" sizes=\"(max-width: 1024px) 100vw, 1024px\" \/><\/a><\/div><div class=\"pu-content-container\"><div class=\"pu-date c-primary uppercase\">22. Okt. 2025<\/div><a href=\"https:\/\/www.bdi-biolifescience.com\/de\/offene-stellen\/mitarbeiterin-fuer-die-produktion-von-mikroalgen-fuer-nahrungsergaenzungsmittel-und-kosmetik-m-w-d\/\" class=\"pu-title uppercase c-text ls-s lh-s fw-700\">Mitarbeiter:in f\u00fcr die Produktion von Mikroalgen f\u00fcr Nahrungserg\u00e4nzungsmittel und Kosmetik (m\/w\/d)<\/a><div class=\"pu-excerpt\">Die BDI-BioLife Science ist Spezialist f\u00fcr die Entwicklung von innovativen Technologien zur Herstellung von hochqualitativen ...<\/div><div class=\"pu-button-wrap\"><a class=\"button secondary small icon-button icon-pos-icon_left\" href=\"https:\/\/www.bdi-biolifescience.com\/de\/offene-stellen\/mitarbeiterin-fuer-die-produktion-von-mikroalgen-fuer-nahrungsergaenzungsmittel-und-kosmetik-m-w-d\/\">Zum Jobprofil<\/a><\/div><\/div><\/div><\/div><\/div><\/div><\/div>\t\t\t\t<\/div>\n\t\t\t\t<\/div>\n\t\t\t\t\t<\/div>\n\t\t<\/div>\n\t\t\t\t\t<\/div>\n\t\t<\/section>\n\t\t\t\t<\/div>\n\t\t","protected":false},"excerpt":{"rendered":"<p>Karriere bei uns Wo Begeisterung und Innovation aufeinandertreffen. In Zeiten des technologischen Wandels ist es uns wichtiger denn je, die Herausforderungen der Life-Science-Industrie zu meistern um die Bed\u00fcrfnisse unserer Kunden zu erf\u00fcllen. Eine Karriere bei uns bietet unz\u00e4hlige M\u00f6glichkeiten, sich beruflich weiterzuentwickeln und Ideen umzusetzen. Offene Stellen Filtern nachHartbergRaaba-GrambachHartberg31. Jul 2024Sales Manager: in (m\/w\/d)Die BDI-BioLife <a href=\"https:\/\/www.bdi-biolifescience.com\/de\/offene-stellen\/mitarbeiterin-fuer-die-produktion-von-mikroalgen-fuer-nahrungsergaenzungsmittel-und-kosmetik-m-w-d\/\" class=\"more-link\">&#8230;<span class=\"screen-reader-text\">weiterlesen  Mitarbeiter:in f\u00fcr die Produktion von Mikroalgen f\u00fcr Nahrungserg\u00e4nzungsmittel und Kosmetik (m\/w\/d)<\/span><\/a><\/p>\n","protected":false},"author":3,"featured_media":0,"parent":0,"menu_order":43,"comment_status":"closed","ping_status":"closed","template":"","meta":{"_acf_changed":false,"iawp_total_views":809,"footnotes":""},"class_list":["post-727","page","type-page","status-publish","hentry"],"acf":[],"yoast_head":"<!-- This site is optimized with the Yoast SEO Premium plugin v23.6 (Yoast SEO v27.3) - https:\/\/yoast.com\/product\/yoast-seo-premium-wordpress\/ -->\n<title>Karriere bei BDI-BioLife Science - Jetzt entdecken<\/title>\n<meta name=\"description\" content=\"Karriere bei BDI-BioLife Science. Wo Begeisterung und Innovation aufeinandertreffen. Entdecken Sie unsere Jobangebote.\" \/>\n<meta name=\"robots\" content=\"index, follow, max-snippet:-1, max-image-preview:large, max-video-preview:-1\" \/>\n<link rel=\"canonical\" href=\"https:\/\/www.bdi-biolifescience.com\/de\/karriere\/\" \/>\n<meta property=\"og:locale\" content=\"de_DE\" \/>\n<meta property=\"og:type\" content=\"article\" \/>\n<meta property=\"og:title\" content=\"Karriere\" \/>\n<meta property=\"og:description\" content=\"Karriere bei BDI-BioLife Science. Wo Begeisterung und Innovation aufeinandertreffen. Entdecken Sie unsere Jobangebote.\" \/>\n<meta property=\"og:url\" content=\"https:\/\/www.bdi-biolifescience.com\/de\/karriere\/\" \/>\n<meta property=\"og:site_name\" content=\"BDI-BioLife Science\" \/>\n<meta property=\"article:modified_time\" content=\"2024-08-05T05:48:37+00:00\" \/>\n<meta property=\"og:image\" content=\"http:\/\/bdi-biolifescience.com.w0215a68.kasserver.com\/wp-content\/uploads\/2022\/11\/karriere-bei-bdi-biolife-science-wo-begeisterung-und-innovation-aufeinandertreffen.jpg\" \/>\n<meta name=\"twitter:card\" content=\"summary_large_image\" \/>\n<meta name=\"twitter:label1\" content=\"Gesch\u00e4tzte Lesezeit\" \/>\n\t<meta name=\"twitter:data1\" content=\"1\u00a0Minute\" \/>\n<script type=\"application\/ld+json\" class=\"yoast-schema-graph\">{\"@context\":\"https:\\\/\\\/schema.org\",\"@graph\":[{\"@type\":\"WebPage\",\"@id\":\"https:\\\/\\\/www.bdi-biolifescience.com\\\/de\\\/karriere\\\/\",\"url\":\"https:\\\/\\\/www.bdi-biolifescience.com\\\/de\\\/karriere\\\/\",\"name\":\"Karriere bei BDI-BioLife Science - Jetzt entdecken\",\"isPartOf\":{\"@id\":\"https:\\\/\\\/www.bdi-biolifescience.com\\\/de\\\/#website\"},\"primaryImageOfPage\":{\"@id\":\"https:\\\/\\\/www.bdi-biolifescience.com\\\/de\\\/karriere\\\/#primaryimage\"},\"image\":{\"@id\":\"https:\\\/\\\/www.bdi-biolifescience.com\\\/de\\\/karriere\\\/#primaryimage\"},\"thumbnailUrl\":\"http:\\\/\\\/bdi-biolifescience.com.w0215a68.kasserver.com\\\/wp-content\\\/uploads\\\/2022\\\/11\\\/karriere-bei-bdi-biolife-science-wo-begeisterung-und-innovation-aufeinandertreffen.jpg\",\"datePublished\":\"2022-10-25T05:49:45+00:00\",\"dateModified\":\"2024-08-05T05:48:37+00:00\",\"description\":\"Karriere bei BDI-BioLife Science. Wo Begeisterung und Innovation aufeinandertreffen. Entdecken Sie unsere Jobangebote.\",\"breadcrumb\":{\"@id\":\"https:\\\/\\\/www.bdi-biolifescience.com\\\/de\\\/karriere\\\/#breadcrumb\"},\"inLanguage\":\"de\",\"potentialAction\":[{\"@type\":\"ReadAction\",\"target\":[\"https:\\\/\\\/www.bdi-biolifescience.com\\\/de\\\/karriere\\\/\"]}]},{\"@type\":\"ImageObject\",\"inLanguage\":\"de\",\"@id\":\"https:\\\/\\\/www.bdi-biolifescience.com\\\/de\\\/karriere\\\/#primaryimage\",\"url\":\"http:\\\/\\\/bdi-biolifescience.com.w0215a68.kasserver.com\\\/wp-content\\\/uploads\\\/2022\\\/11\\\/karriere-bei-bdi-biolife-science-wo-begeisterung-und-innovation-aufeinandertreffen.jpg\",\"contentUrl\":\"http:\\\/\\\/bdi-biolifescience.com.w0215a68.kasserver.com\\\/wp-content\\\/uploads\\\/2022\\\/11\\\/karriere-bei-bdi-biolife-science-wo-begeisterung-und-innovation-aufeinandertreffen.jpg\"},{\"@type\":\"BreadcrumbList\",\"@id\":\"https:\\\/\\\/www.bdi-biolifescience.com\\\/de\\\/karriere\\\/#breadcrumb\",\"itemListElement\":[{\"@type\":\"ListItem\",\"position\":1,\"name\":\"Startseite\",\"item\":\"https:\\\/\\\/www.bdi-biolifescience.com\\\/de\\\/\"},{\"@type\":\"ListItem\",\"position\":2,\"name\":\"Karriere\"}]},{\"@type\":\"WebSite\",\"@id\":\"https:\\\/\\\/www.bdi-biolifescience.com\\\/de\\\/#website\",\"url\":\"https:\\\/\\\/www.bdi-biolifescience.com\\\/de\\\/\",\"name\":\"BDI-BioLife Science\",\"description\":\"\",\"publisher\":{\"@id\":\"https:\\\/\\\/www.bdi-biolifescience.com\\\/de\\\/#organization\"},\"potentialAction\":[{\"@type\":\"SearchAction\",\"target\":{\"@type\":\"EntryPoint\",\"urlTemplate\":\"https:\\\/\\\/www.bdi-biolifescience.com\\\/de\\\/?s={search_term_string}\"},\"query-input\":{\"@type\":\"PropertyValueSpecification\",\"valueRequired\":true,\"valueName\":\"search_term_string\"}}],\"inLanguage\":\"de\"},{\"@type\":\"Organization\",\"@id\":\"https:\\\/\\\/www.bdi-biolifescience.com\\\/de\\\/#organization\",\"name\":\"BDI-BioLife Science\",\"url\":\"https:\\\/\\\/www.bdi-biolifescience.com\\\/de\\\/\",\"logo\":{\"@type\":\"ImageObject\",\"inLanguage\":\"de\",\"@id\":\"https:\\\/\\\/www.bdi-biolifescience.com\\\/de\\\/#\\\/schema\\\/logo\\\/image\\\/\",\"url\":\"http:\\\/\\\/bdi-biolifescience.com.w0215a68.kasserver.com\\\/wp-content\\\/uploads\\\/2022\\\/10\\\/logo.svg\",\"contentUrl\":\"http:\\\/\\\/bdi-biolifescience.com.w0215a68.kasserver.com\\\/wp-content\\\/uploads\\\/2022\\\/10\\\/logo.svg\",\"width\":320,\"height\":41,\"caption\":\"BDI-BioLife Science\"},\"image\":{\"@id\":\"https:\\\/\\\/www.bdi-biolifescience.com\\\/de\\\/#\\\/schema\\\/logo\\\/image\\\/\"}}]}<\/script>\n<!-- \/ Yoast SEO Premium plugin. -->","yoast_head_json":{"title":"Karriere bei BDI-BioLife Science - Jetzt entdecken","description":"Karriere bei BDI-BioLife Science. Wo Begeisterung und Innovation aufeinandertreffen. Entdecken Sie unsere Jobangebote.","robots":{"index":"index","follow":"follow","max-snippet":"max-snippet:-1","max-image-preview":"max-image-preview:large","max-video-preview":"max-video-preview:-1"},"canonical":"https:\/\/www.bdi-biolifescience.com\/de\/karriere\/","og_locale":"de_DE","og_type":"article","og_title":"Karriere","og_description":"Karriere bei BDI-BioLife Science. Wo Begeisterung und Innovation aufeinandertreffen. Entdecken Sie unsere Jobangebote.","og_url":"https:\/\/www.bdi-biolifescience.com\/de\/karriere\/","og_site_name":"BDI-BioLife Science","article_modified_time":"2024-08-05T05:48:37+00:00","og_image":[{"url":"http:\/\/bdi-biolifescience.com.w0215a68.kasserver.com\/wp-content\/uploads\/2022\/11\/karriere-bei-bdi-biolife-science-wo-begeisterung-und-innovation-aufeinandertreffen.jpg","type":"","width":"","height":""}],"twitter_card":"summary_large_image","twitter_misc":{"Gesch\u00e4tzte Lesezeit":"1\u00a0Minute"},"schema":{"@context":"https:\/\/schema.org","@graph":[{"@type":"WebPage","@id":"https:\/\/www.bdi-biolifescience.com\/de\/karriere\/","url":"https:\/\/www.bdi-biolifescience.com\/de\/karriere\/","name":"Karriere bei BDI-BioLife Science - Jetzt entdecken","isPartOf":{"@id":"https:\/\/www.bdi-biolifescience.com\/de\/#website"},"primaryImageOfPage":{"@id":"https:\/\/www.bdi-biolifescience.com\/de\/karriere\/#primaryimage"},"image":{"@id":"https:\/\/www.bdi-biolifescience.com\/de\/karriere\/#primaryimage"},"thumbnailUrl":"http:\/\/bdi-biolifescience.com.w0215a68.kasserver.com\/wp-content\/uploads\/2022\/11\/karriere-bei-bdi-biolife-science-wo-begeisterung-und-innovation-aufeinandertreffen.jpg","datePublished":"2022-10-25T05:49:45+00:00","dateModified":"2024-08-05T05:48:37+00:00","description":"Karriere bei BDI-BioLife Science. Wo Begeisterung und Innovation aufeinandertreffen. Entdecken Sie unsere Jobangebote.","breadcrumb":{"@id":"https:\/\/www.bdi-biolifescience.com\/de\/karriere\/#breadcrumb"},"inLanguage":"de","potentialAction":[{"@type":"ReadAction","target":["https:\/\/www.bdi-biolifescience.com\/de\/karriere\/"]}]},{"@type":"ImageObject","inLanguage":"de","@id":"https:\/\/www.bdi-biolifescience.com\/de\/karriere\/#primaryimage","url":"http:\/\/bdi-biolifescience.com.w0215a68.kasserver.com\/wp-content\/uploads\/2022\/11\/karriere-bei-bdi-biolife-science-wo-begeisterung-und-innovation-aufeinandertreffen.jpg","contentUrl":"http:\/\/bdi-biolifescience.com.w0215a68.kasserver.com\/wp-content\/uploads\/2022\/11\/karriere-bei-bdi-biolife-science-wo-begeisterung-und-innovation-aufeinandertreffen.jpg"},{"@type":"BreadcrumbList","@id":"https:\/\/www.bdi-biolifescience.com\/de\/karriere\/#breadcrumb","itemListElement":[{"@type":"ListItem","position":1,"name":"Startseite","item":"https:\/\/www.bdi-biolifescience.com\/de\/"},{"@type":"ListItem","position":2,"name":"Karriere"}]},{"@type":"WebSite","@id":"https:\/\/www.bdi-biolifescience.com\/de\/#website","url":"https:\/\/www.bdi-biolifescience.com\/de\/","name":"BDI-BioLife Science","description":"","publisher":{"@id":"https:\/\/www.bdi-biolifescience.com\/de\/#organization"},"potentialAction":[{"@type":"SearchAction","target":{"@type":"EntryPoint","urlTemplate":"https:\/\/www.bdi-biolifescience.com\/de\/?s={search_term_string}"},"query-input":{"@type":"PropertyValueSpecification","valueRequired":true,"valueName":"search_term_string"}}],"inLanguage":"de"},{"@type":"Organization","@id":"https:\/\/www.bdi-biolifescience.com\/de\/#organization","name":"BDI-BioLife Science","url":"https:\/\/www.bdi-biolifescience.com\/de\/","logo":{"@type":"ImageObject","inLanguage":"de","@id":"https:\/\/www.bdi-biolifescience.com\/de\/#\/schema\/logo\/image\/","url":"http:\/\/bdi-biolifescience.com.w0215a68.kasserver.com\/wp-content\/uploads\/2022\/10\/logo.svg","contentUrl":"http:\/\/bdi-biolifescience.com.w0215a68.kasserver.com\/wp-content\/uploads\/2022\/10\/logo.svg","width":320,"height":41,"caption":"BDI-BioLife Science"},"image":{"@id":"https:\/\/www.bdi-biolifescience.com\/de\/#\/schema\/logo\/image\/"}}]}},"publishpress_future_workflow_manual_trigger":{"enabledWorkflows":[]},"_links":{"self":[{"href":"https:\/\/www.bdi-biolifescience.com\/de\/wp-json\/wp\/v2\/pages\/727","targetHints":{"allow":["GET"]}}],"collection":[{"href":"https:\/\/www.bdi-biolifescience.com\/de\/wp-json\/wp\/v2\/pages"}],"about":[{"href":"https:\/\/www.bdi-biolifescience.com\/de\/wp-json\/wp\/v2\/types\/page"}],"author":[{"embeddable":true,"href":"https:\/\/www.bdi-biolifescience.com\/de\/wp-json\/wp\/v2\/users\/3"}],"replies":[{"embeddable":true,"href":"https:\/\/www.bdi-biolifescience.com\/de\/wp-json\/wp\/v2\/comments?post=727"}],"version-history":[{"count":32,"href":"https:\/\/www.bdi-biolifescience.com\/de\/wp-json\/wp\/v2\/pages\/727\/revisions"}],"predecessor-version":[{"id":10420,"href":"https:\/\/www.bdi-biolifescience.com\/de\/wp-json\/wp\/v2\/pages\/727\/revisions\/10420"}],"wp:attachment":[{"href":"https:\/\/www.bdi-biolifescience.com\/de\/wp-json\/wp\/v2\/media?parent=727"}],"curies":[{"name":"wp","href":"https:\/\/api.w.org\/{rel}","templated":true}]}}