{"id":887,"date":"2022-10-27T14:33:25","date_gmt":"2022-10-27T12:33:25","guid":{"rendered":"http:\/\/bdi-biolifescience.com.w0215a68.kasserver.com\/?page_id=887"},"modified":"2024-02-01T11:20:29","modified_gmt":"2024-02-01T10:20:29","slug":"newsletter","status":"publish","type":"page","link":"https:\/\/www.bdi-biolifescience.com\/de\/newsletter\/","title":{"rendered":"Newsletter"},"content":{"rendered":"\t\t<div data-elementor-type=\"wp-page\" data-elementor-id=\"887\" class=\"elementor elementor-887\">\n\t\t\t\t\t\t<section class=\"elementor-section elementor-top-section elementor-element elementor-element-1b6103c elementor-section-boxed elementor-section-height-default elementor-section-height-default\" data-id=\"1b6103c\" data-element_type=\"section\" data-e-type=\"section\">\n\t\t\t\t\t\t<div class=\"elementor-container elementor-column-gap-default\">\n\t\t\t\t\t<div class=\"elementor-column elementor-col-100 elementor-top-column elementor-element elementor-element-66dd2f7\" data-id=\"66dd2f7\" data-element_type=\"column\" data-e-type=\"column\">\n\t\t\t<div class=\"elementor-widget-wrap elementor-element-populated\">\n\t\t\t\t\t\t<div class=\"elementor-element elementor-element-d4caad9 elementor-widget elementor-widget-text-bild-video\" data-id=\"d4caad9\" data-element_type=\"widget\" data-e-type=\"widget\" data-widget_type=\"text-bild-video.default\">\n\t\t\t\t<div class=\"elementor-widget-container\">\n\t\t\t\t\t<div class=\"nosun-widget nosun-text-bild-video text-alignment-left object-position-center text-colsize-one_third text-spaltenanzahl-one tbv-height-full_height\"><div class=\"container\"><div class=\"grid\"><div class=\"column tbv-text-container eight\"><div class=\"tbv-text-inner\"><div class=\"tbv-heading-col\"><h1 class=\"tbv-heading\"><div class=\"ueberschrift_rot c-primary\"  >BDI-BioLife Science <\/div><div class=\"ueberschrift_normal\"  >Newsletter<\/div><\/h1><div class=\"untertitel c-primary fs-l italic\"  >Die wichtigsten Informationen von unseren Astaxanthin-Experten lesen<\/div><\/div><div class=\"tbv-text-wrap-leftcol\"><div class=\"tbv-text wysiwyg\"  ><p>Melden Sie sich f\u00fcr unseren viertelj\u00e4hrlichen Newsletter an, und bleiben Sie stets up to date punkto Themen wie: innovative Rohstoffe, Produkte und Rahmenformulierungen, neueste Studien und Fachartikel rund um Astaxanthin, Messeteilnahmen und vielem mehr aus unserem algenreichen Alltag!<\/p><\/div><\/div><\/div><\/div><div class=\"tbv-image-container column sixteen\"><div class=\"tbv-image-inner\"><img fetchpriority=\"high\" decoding=\"async\" width=\"2319\" height=\"1820\" src=\"https:\/\/www.bdi-biolifescience.com\/wp-content\/uploads\/2022\/11\/die-wichtigsten-informationen-von-den-astaxanthin-experten-von-bdi-biolife-science-lesen.jpg\" class=\"attachment-full size-full\" alt=\"BDI-BioLife Science Newsletter\" srcset=\"https:\/\/www.bdi-biolifescience.com\/wp-content\/uploads\/2022\/11\/die-wichtigsten-informationen-von-den-astaxanthin-experten-von-bdi-biolife-science-lesen.jpg 2319w, https:\/\/www.bdi-biolifescience.com\/wp-content\/uploads\/2022\/11\/die-wichtigsten-informationen-von-den-astaxanthin-experten-von-bdi-biolife-science-lesen-300x235.jpg 300w, https:\/\/www.bdi-biolifescience.com\/wp-content\/uploads\/2022\/11\/die-wichtigsten-informationen-von-den-astaxanthin-experten-von-bdi-biolife-science-lesen-1024x804.jpg 1024w, https:\/\/www.bdi-biolifescience.com\/wp-content\/uploads\/2022\/11\/die-wichtigsten-informationen-von-den-astaxanthin-experten-von-bdi-biolife-science-lesen-768x603.jpg 768w, https:\/\/www.bdi-biolifescience.com\/wp-content\/uploads\/2022\/11\/die-wichtigsten-informationen-von-den-astaxanthin-experten-von-bdi-biolife-science-lesen-1536x1205.jpg 1536w, https:\/\/www.bdi-biolifescience.com\/wp-content\/uploads\/2022\/11\/die-wichtigsten-informationen-von-den-astaxanthin-experten-von-bdi-biolife-science-lesen-2048x1607.jpg 2048w, https:\/\/www.bdi-biolifescience.com\/wp-content\/uploads\/2022\/11\/die-wichtigsten-informationen-von-den-astaxanthin-experten-von-bdi-biolife-science-lesen-80x63.jpg 80w\" sizes=\"(max-width: 2319px) 100vw, 2319px\" \/><\/div><\/div><\/div><\/div><\/div>\t\t\t\t<\/div>\n\t\t\t\t<\/div>\n\t\t\t\t\t<\/div>\n\t\t<\/div>\n\t\t\t\t\t<\/div>\n\t\t<\/section>\n\t\t\t\t<section class=\"elementor-section elementor-top-section elementor-element elementor-element-772c405 elementor-section-boxed elementor-section-height-default elementor-section-height-default\" data-id=\"772c405\" data-element_type=\"section\" data-e-type=\"section\">\n\t\t\t\t\t\t<div class=\"elementor-container elementor-column-gap-default\">\n\t\t\t\t\t<div class=\"elementor-column elementor-col-100 elementor-top-column elementor-element elementor-element-ca367bb\" data-id=\"ca367bb\" data-element_type=\"column\" data-e-type=\"column\">\n\t\t\t<div class=\"elementor-widget-wrap elementor-element-populated\">\n\t\t\t\t\t\t<div class=\"elementor-element elementor-element-f23d576 elementor-widget elementor-widget-text-bild-video\" data-id=\"f23d576\" data-element_type=\"widget\" data-e-type=\"widget\" data-widget_type=\"text-bild-video.default\">\n\t\t\t\t<div class=\"elementor-widget-container\">\n\t\t\t\t\t<div class=\"nosun-widget nosun-text-bild-video text-alignment-left object-position-center text-colsize-two_thirds text-spaltenanzahl-one tbv-height-normal_height\"><div class=\"container\"><div class=\"grid\"><div class=\"column tbv-text-container sixteen\"><div class=\"tbv-text-inner\"><div class=\"tbv-heading-col\"><div class=\"untertitel c-primary fs-l italic\"  >Jederzeit k\u00fcndbar<\/div><\/div><div class=\"tbv-text-wrap-leftcol\"><div class=\"tbv-text wysiwyg\"  ><p><div class=\"newsletter-formular-container\"><!-- Begin Mailchimp Signup Form -->\r\n<div id=\"mc_embed_signup\">\r\n<form action=\"https:\/\/bdi-biolifescience.us1.list-manage.com\/subscribe\/post?u=3bddd04fb7346834e077422d5&id=444cdacc3e\" method=\"post\" id=\"mc-embedded-subscribe-form\" name=\"mc-embedded-subscribe-form\" class=\"validate\" target=\"_blank\" novalidate>\r\n<div id=\"mc_embed_signup_scroll\">\r\n<div class=\"indicates-required\"><span style=\"color:var(--c-light-gray)\">*<\/span> Pflichtfeld<\/div>\r\n<div class=\"mc-field-group fullwidth\">\r\n<div style=\"margin-bottom:20px;\">Interesse <span style=\"color:var(--c-light-gray)\">*<\/span><\/div>\r\n<!--<label for=\"mce-INTERESSE\">Interesse <span style=\"color:var(--c-light-gray)\">*<\/span><\/label>\r\n<select name=\"INTERESSE\" class=\"\" id=\"mce-INTERESSE\" required >\r\n<option value=\"\"><\/option>\r\n<option value=\"Nahrungserg\u00e4nzungsmittel\">Nahrungserg\u00e4nzungsmittel<\/option>\r\n<option value=\"Kosmetik\">Kosmetik<\/option>\r\n<\/select>-->\r\n<div class=\"checkboxes inline-checkboxes required\">\r\n<label><input type=\"checkbox\" name=\"INTERESSE[]\" value=\"Nahrungserg\u00e4nzungsmittel\">Nahrungserg\u00e4nzungsmittel<\/label>\r\n<label><input type=\"checkbox\" name=\"INTERESSE[]\" value=\"Kosmetik\">Kosmetik<\/label>\r\n<\/div>\r\n<\/div>\r\n<div class=\"mc-field-group\">\r\n<!--<label for=\"mce-TITLE\">Anrede  <span class=\"asterisk\">*<\/span>-->\r\n<\/label>\r\n<select name=\"TITLE\" class=\"required\" id=\"mce-TITLE\" required>\r\n<option value=\"\" disabled selected>Anrede *<\/option>\r\n<option value=\"Herr\">Herr<\/option>\r\n<option value=\"Frau\">Frau<\/option>\r\n<option value=\"Divers\">Divers<\/option>\r\n<\/select>\r\n<\/div>\r\n<div class=\"mc-field-group\">\r\n<!--<label for=\"mce-MMERGE7\">Titel <\/label>-->\r\n<input type=\"text\" value=\"\" placeholder=\"Titel\" name=\"MMERGE7\" class=\"\" id=\"mce-MMERGE7\">\r\n<\/div>\r\n<div class=\"mc-field-group\">\r\n<!--<label for=\"mce-FNAME\">Vorname  <span class=\"asterisk\">*<\/span><\/label>-->\r\n<input type=\"text\" value=\"\" placeholder=\"Vorname *\" name=\"FNAME\" class=\"required\" id=\"mce-FNAME\" required>\r\n<\/div>\r\n<div class=\"mc-field-group\">\r\n<!--<label for=\"mce-LNAME\">Nachname  <span class=\"asterisk\">*<\/span><\/label>-->\r\n<input type=\"text\" value=\"\" placeholder=\"Nachname *\" name=\"LNAME\" class=\"required\" id=\"mce-LNAME\" required>\r\n<\/div>\r\n<div class=\"mc-field-group\">\r\n<!--<label for=\"mce-EMAIL\">E-Mail-Adresse  <span class=\"asterisk\">*<\/span><\/label>-->\r\n<input type=\"email\" value=\"\" placeholder=\"E-Mail-Adresse *\" name=\"EMAIL\" class=\"required email\" id=\"mce-EMAIL\" required>\r\n<\/div>\r\n<div class=\"mc-field-group NLdsv\">\r\n<label for=\"NLdsvgoyes\"><input name=\"NLdsvgoyes\" value=\"\" type=\"checkbox\" class=\"NLdsvgoyes\" required>* Ich bin mit dem regelm\u00e4\u00dfigen Erhalt des Newsletters einverstanden. Das Abonnement kann jederzeit gek\u00fcndigt werden. (<a href=\"\/datenschutzerklaerung\"><u>Datenschutzerkl\u00e4rung<\/u><\/a>)<\/label>\r\n<\/div>\r\n<div id=\"mce-responses\" class=\"clear\">\r\n<div class=\"response\" id=\"mce-error-response\" style=\"display:none\"><\/div>\r\n<div class=\"response\" id=\"mce-success-response\" style=\"display:none\"><\/div>\r\n<\/div>    <!-- real people should not fill this in and expect good things - do not remove this or risk form bot signups-->\r\n<div style=\"position: absolute; left: -5000px;\" aria-hidden=\"true\"><input type=\"text\" name=\"b_3bddd04fb7346834e077422d5_444cdacc3e\" tabindex=\"-1\" value=\"\"><\/div>\r\n<div class=\"clear\"><input type=\"submit\" value=\"Abonnieren\" name=\"subscribe\" id=\"mc-embedded-subscribe\" class=\"button\"><\/div>\r\n<\/div>\r\n<\/form>\r\n<\/div><\/div><\/p><\/div><\/div><\/div><\/div><div class=\"tbv-image-container column eight\"><div class=\"tbv-image-inner\"><\/div><\/div><\/div><\/div><\/div>\t\t\t\t<\/div>\n\t\t\t\t<\/div>\n\t\t\t\t\t<\/div>\n\t\t<\/div>\n\t\t\t\t\t<\/div>\n\t\t<\/section>\n\t\t\t\t<\/div>\n\t\t","protected":false},"excerpt":{"rendered":"<p>BDI-BioLife Science Newsletter Die wichtigsten Informationen von unseren Astaxanthin-Experten lesen Melden Sie sich f\u00fcr unseren viertelj\u00e4hrlichen Newsletter an, und bleiben Sie stets up to date punkto Themen wie: innovative Rohstoffe, Produkte und Rahmenformulierungen, neueste Studien und Fachartikel rund um Astaxanthin, Messeteilnahmen und vielem mehr aus unserem algenreichen Alltag! Jederzeit k\u00fcndbar<\/p>\n","protected":false},"author":3,"featured_media":0,"parent":0,"menu_order":35,"comment_status":"closed","ping_status":"closed","template":"","meta":{"_acf_changed":false,"iawp_total_views":49,"footnotes":""},"class_list":["post-887","page","type-page","status-publish","hentry"],"acf":[],"yoast_head":"<!-- This site is optimized with the Yoast SEO Premium plugin v23.6 (Yoast SEO v27.3) - https:\/\/yoast.com\/product\/yoast-seo-premium-wordpress\/ -->\n<title>Melden Sie sich zu unserem Newsletter an | BDI-BioLife Science<\/title>\n<meta name=\"description\" content=\"Melden Sie sich f\u00fcr unseren viertelj\u00e4hrlichen Newsletter an, und bleiben Sie stets up to date \u00fcber Studien, Messen, Produkte und vieles mehr.\" \/>\n<meta name=\"robots\" content=\"index, follow, max-snippet:-1, max-image-preview:large, max-video-preview:-1\" \/>\n<link rel=\"canonical\" href=\"https:\/\/www.bdi-biolifescience.com\/de\/newsletter\/\" \/>\n<meta property=\"og:locale\" content=\"de_DE\" \/>\n<meta property=\"og:type\" content=\"article\" \/>\n<meta property=\"og:title\" content=\"Newsletter\" \/>\n<meta property=\"og:description\" content=\"Melden Sie sich f\u00fcr unseren viertelj\u00e4hrlichen Newsletter an, und bleiben Sie stets up to date \u00fcber Studien, Messen, Produkte und vieles mehr.\" \/>\n<meta property=\"og:url\" content=\"https:\/\/www.bdi-biolifescience.com\/de\/newsletter\/\" \/>\n<meta property=\"og:site_name\" content=\"BDI-BioLife Science\" \/>\n<meta property=\"article:modified_time\" content=\"2024-02-01T10:20:29+00:00\" \/>\n<meta property=\"og:image\" content=\"http:\/\/bdi-biolifescience.com.w0215a68.kasserver.com\/wp-content\/uploads\/2022\/11\/die-wichtigsten-informationen-von-den-astaxanthin-experten-von-bdi-biolife-science-lesen.jpg\" \/>\n<meta name=\"twitter:card\" content=\"summary_large_image\" \/>\n<meta name=\"twitter:label1\" content=\"Gesch\u00e4tzte Lesezeit\" \/>\n\t<meta name=\"twitter:data1\" content=\"1\u00a0Minute\" \/>\n<script type=\"application\/ld+json\" class=\"yoast-schema-graph\">{\"@context\":\"https:\\\/\\\/schema.org\",\"@graph\":[{\"@type\":\"WebPage\",\"@id\":\"https:\\\/\\\/www.bdi-biolifescience.com\\\/de\\\/newsletter\\\/\",\"url\":\"https:\\\/\\\/www.bdi-biolifescience.com\\\/de\\\/newsletter\\\/\",\"name\":\"Melden Sie sich zu unserem Newsletter an | BDI-BioLife Science\",\"isPartOf\":{\"@id\":\"https:\\\/\\\/www.bdi-biolifescience.com\\\/de\\\/#website\"},\"primaryImageOfPage\":{\"@id\":\"https:\\\/\\\/www.bdi-biolifescience.com\\\/de\\\/newsletter\\\/#primaryimage\"},\"image\":{\"@id\":\"https:\\\/\\\/www.bdi-biolifescience.com\\\/de\\\/newsletter\\\/#primaryimage\"},\"thumbnailUrl\":\"http:\\\/\\\/bdi-biolifescience.com.w0215a68.kasserver.com\\\/wp-content\\\/uploads\\\/2022\\\/11\\\/die-wichtigsten-informationen-von-den-astaxanthin-experten-von-bdi-biolife-science-lesen.jpg\",\"datePublished\":\"2022-10-27T12:33:25+00:00\",\"dateModified\":\"2024-02-01T10:20:29+00:00\",\"description\":\"Melden Sie sich f\u00fcr unseren viertelj\u00e4hrlichen Newsletter an, und bleiben Sie stets up to date \u00fcber Studien, Messen, Produkte und vieles mehr.\",\"breadcrumb\":{\"@id\":\"https:\\\/\\\/www.bdi-biolifescience.com\\\/de\\\/newsletter\\\/#breadcrumb\"},\"inLanguage\":\"de\",\"potentialAction\":[{\"@type\":\"ReadAction\",\"target\":[\"https:\\\/\\\/www.bdi-biolifescience.com\\\/de\\\/newsletter\\\/\"]}]},{\"@type\":\"ImageObject\",\"inLanguage\":\"de\",\"@id\":\"https:\\\/\\\/www.bdi-biolifescience.com\\\/de\\\/newsletter\\\/#primaryimage\",\"url\":\"http:\\\/\\\/bdi-biolifescience.com.w0215a68.kasserver.com\\\/wp-content\\\/uploads\\\/2022\\\/11\\\/die-wichtigsten-informationen-von-den-astaxanthin-experten-von-bdi-biolife-science-lesen.jpg\",\"contentUrl\":\"http:\\\/\\\/bdi-biolifescience.com.w0215a68.kasserver.com\\\/wp-content\\\/uploads\\\/2022\\\/11\\\/die-wichtigsten-informationen-von-den-astaxanthin-experten-von-bdi-biolife-science-lesen.jpg\"},{\"@type\":\"BreadcrumbList\",\"@id\":\"https:\\\/\\\/www.bdi-biolifescience.com\\\/de\\\/newsletter\\\/#breadcrumb\",\"itemListElement\":[{\"@type\":\"ListItem\",\"position\":1,\"name\":\"Startseite\",\"item\":\"https:\\\/\\\/www.bdi-biolifescience.com\\\/de\\\/\"},{\"@type\":\"ListItem\",\"position\":2,\"name\":\"Newsletter\"}]},{\"@type\":\"WebSite\",\"@id\":\"https:\\\/\\\/www.bdi-biolifescience.com\\\/de\\\/#website\",\"url\":\"https:\\\/\\\/www.bdi-biolifescience.com\\\/de\\\/\",\"name\":\"BDI-BioLife Science\",\"description\":\"\",\"publisher\":{\"@id\":\"https:\\\/\\\/www.bdi-biolifescience.com\\\/de\\\/#organization\"},\"potentialAction\":[{\"@type\":\"SearchAction\",\"target\":{\"@type\":\"EntryPoint\",\"urlTemplate\":\"https:\\\/\\\/www.bdi-biolifescience.com\\\/de\\\/?s={search_term_string}\"},\"query-input\":{\"@type\":\"PropertyValueSpecification\",\"valueRequired\":true,\"valueName\":\"search_term_string\"}}],\"inLanguage\":\"de\"},{\"@type\":\"Organization\",\"@id\":\"https:\\\/\\\/www.bdi-biolifescience.com\\\/de\\\/#organization\",\"name\":\"BDI-BioLife Science\",\"url\":\"https:\\\/\\\/www.bdi-biolifescience.com\\\/de\\\/\",\"logo\":{\"@type\":\"ImageObject\",\"inLanguage\":\"de\",\"@id\":\"https:\\\/\\\/www.bdi-biolifescience.com\\\/de\\\/#\\\/schema\\\/logo\\\/image\\\/\",\"url\":\"http:\\\/\\\/bdi-biolifescience.com.w0215a68.kasserver.com\\\/wp-content\\\/uploads\\\/2022\\\/10\\\/logo.svg\",\"contentUrl\":\"http:\\\/\\\/bdi-biolifescience.com.w0215a68.kasserver.com\\\/wp-content\\\/uploads\\\/2022\\\/10\\\/logo.svg\",\"width\":320,\"height\":41,\"caption\":\"BDI-BioLife Science\"},\"image\":{\"@id\":\"https:\\\/\\\/www.bdi-biolifescience.com\\\/de\\\/#\\\/schema\\\/logo\\\/image\\\/\"}}]}<\/script>\n<!-- \/ Yoast SEO Premium plugin. -->","yoast_head_json":{"title":"Melden Sie sich zu unserem Newsletter an | BDI-BioLife Science","description":"Melden Sie sich f\u00fcr unseren viertelj\u00e4hrlichen Newsletter an, und bleiben Sie stets up to date \u00fcber Studien, Messen, Produkte und vieles mehr.","robots":{"index":"index","follow":"follow","max-snippet":"max-snippet:-1","max-image-preview":"max-image-preview:large","max-video-preview":"max-video-preview:-1"},"canonical":"https:\/\/www.bdi-biolifescience.com\/de\/newsletter\/","og_locale":"de_DE","og_type":"article","og_title":"Newsletter","og_description":"Melden Sie sich f\u00fcr unseren viertelj\u00e4hrlichen Newsletter an, und bleiben Sie stets up to date \u00fcber Studien, Messen, Produkte und vieles mehr.","og_url":"https:\/\/www.bdi-biolifescience.com\/de\/newsletter\/","og_site_name":"BDI-BioLife Science","article_modified_time":"2024-02-01T10:20:29+00:00","og_image":[{"url":"http:\/\/bdi-biolifescience.com.w0215a68.kasserver.com\/wp-content\/uploads\/2022\/11\/die-wichtigsten-informationen-von-den-astaxanthin-experten-von-bdi-biolife-science-lesen.jpg","type":"","width":"","height":""}],"twitter_card":"summary_large_image","twitter_misc":{"Gesch\u00e4tzte Lesezeit":"1\u00a0Minute"},"schema":{"@context":"https:\/\/schema.org","@graph":[{"@type":"WebPage","@id":"https:\/\/www.bdi-biolifescience.com\/de\/newsletter\/","url":"https:\/\/www.bdi-biolifescience.com\/de\/newsletter\/","name":"Melden Sie sich zu unserem Newsletter an | BDI-BioLife Science","isPartOf":{"@id":"https:\/\/www.bdi-biolifescience.com\/de\/#website"},"primaryImageOfPage":{"@id":"https:\/\/www.bdi-biolifescience.com\/de\/newsletter\/#primaryimage"},"image":{"@id":"https:\/\/www.bdi-biolifescience.com\/de\/newsletter\/#primaryimage"},"thumbnailUrl":"http:\/\/bdi-biolifescience.com.w0215a68.kasserver.com\/wp-content\/uploads\/2022\/11\/die-wichtigsten-informationen-von-den-astaxanthin-experten-von-bdi-biolife-science-lesen.jpg","datePublished":"2022-10-27T12:33:25+00:00","dateModified":"2024-02-01T10:20:29+00:00","description":"Melden Sie sich f\u00fcr unseren viertelj\u00e4hrlichen Newsletter an, und bleiben Sie stets up to date \u00fcber Studien, Messen, Produkte und vieles mehr.","breadcrumb":{"@id":"https:\/\/www.bdi-biolifescience.com\/de\/newsletter\/#breadcrumb"},"inLanguage":"de","potentialAction":[{"@type":"ReadAction","target":["https:\/\/www.bdi-biolifescience.com\/de\/newsletter\/"]}]},{"@type":"ImageObject","inLanguage":"de","@id":"https:\/\/www.bdi-biolifescience.com\/de\/newsletter\/#primaryimage","url":"http:\/\/bdi-biolifescience.com.w0215a68.kasserver.com\/wp-content\/uploads\/2022\/11\/die-wichtigsten-informationen-von-den-astaxanthin-experten-von-bdi-biolife-science-lesen.jpg","contentUrl":"http:\/\/bdi-biolifescience.com.w0215a68.kasserver.com\/wp-content\/uploads\/2022\/11\/die-wichtigsten-informationen-von-den-astaxanthin-experten-von-bdi-biolife-science-lesen.jpg"},{"@type":"BreadcrumbList","@id":"https:\/\/www.bdi-biolifescience.com\/de\/newsletter\/#breadcrumb","itemListElement":[{"@type":"ListItem","position":1,"name":"Startseite","item":"https:\/\/www.bdi-biolifescience.com\/de\/"},{"@type":"ListItem","position":2,"name":"Newsletter"}]},{"@type":"WebSite","@id":"https:\/\/www.bdi-biolifescience.com\/de\/#website","url":"https:\/\/www.bdi-biolifescience.com\/de\/","name":"BDI-BioLife Science","description":"","publisher":{"@id":"https:\/\/www.bdi-biolifescience.com\/de\/#organization"},"potentialAction":[{"@type":"SearchAction","target":{"@type":"EntryPoint","urlTemplate":"https:\/\/www.bdi-biolifescience.com\/de\/?s={search_term_string}"},"query-input":{"@type":"PropertyValueSpecification","valueRequired":true,"valueName":"search_term_string"}}],"inLanguage":"de"},{"@type":"Organization","@id":"https:\/\/www.bdi-biolifescience.com\/de\/#organization","name":"BDI-BioLife Science","url":"https:\/\/www.bdi-biolifescience.com\/de\/","logo":{"@type":"ImageObject","inLanguage":"de","@id":"https:\/\/www.bdi-biolifescience.com\/de\/#\/schema\/logo\/image\/","url":"http:\/\/bdi-biolifescience.com.w0215a68.kasserver.com\/wp-content\/uploads\/2022\/10\/logo.svg","contentUrl":"http:\/\/bdi-biolifescience.com.w0215a68.kasserver.com\/wp-content\/uploads\/2022\/10\/logo.svg","width":320,"height":41,"caption":"BDI-BioLife Science"},"image":{"@id":"https:\/\/www.bdi-biolifescience.com\/de\/#\/schema\/logo\/image\/"}}]}},"publishpress_future_workflow_manual_trigger":{"enabledWorkflows":[]},"_links":{"self":[{"href":"https:\/\/www.bdi-biolifescience.com\/de\/wp-json\/wp\/v2\/pages\/887","targetHints":{"allow":["GET"]}}],"collection":[{"href":"https:\/\/www.bdi-biolifescience.com\/de\/wp-json\/wp\/v2\/pages"}],"about":[{"href":"https:\/\/www.bdi-biolifescience.com\/de\/wp-json\/wp\/v2\/types\/page"}],"author":[{"embeddable":true,"href":"https:\/\/www.bdi-biolifescience.com\/de\/wp-json\/wp\/v2\/users\/3"}],"replies":[{"embeddable":true,"href":"https:\/\/www.bdi-biolifescience.com\/de\/wp-json\/wp\/v2\/comments?post=887"}],"version-history":[{"count":28,"href":"https:\/\/www.bdi-biolifescience.com\/de\/wp-json\/wp\/v2\/pages\/887\/revisions"}],"predecessor-version":[{"id":6239,"href":"https:\/\/www.bdi-biolifescience.com\/de\/wp-json\/wp\/v2\/pages\/887\/revisions\/6239"}],"wp:attachment":[{"href":"https:\/\/www.bdi-biolifescience.com\/de\/wp-json\/wp\/v2\/media?parent=887"}],"curies":[{"name":"wp","href":"https:\/\/api.w.org\/{rel}","templated":true}]}}