{"id":897,"date":"2022-10-27T14:44:57","date_gmt":"2022-10-27T12:44:57","guid":{"rendered":"http:\/\/bdi-biolifescience.com.w0215a68.kasserver.com\/?page_id=897"},"modified":"2025-03-14T10:02:49","modified_gmt":"2025-03-14T09:02:49","slug":"astacos-fuer-kosmetik","status":"publish","type":"page","link":"https:\/\/www.bdi-biolifescience.com\/de\/astacos-fuer-kosmetik\/","title":{"rendered":"Kosmetik"},"content":{"rendered":"\t\t<div data-elementor-type=\"wp-page\" data-elementor-id=\"897\" class=\"elementor elementor-897\">\n\t\t\t\t\t\t<section class=\"elementor-section elementor-top-section elementor-element elementor-element-64d368c elementor-section-boxed elementor-section-height-default elementor-section-height-default\" data-id=\"64d368c\" data-element_type=\"section\" data-e-type=\"section\">\n\t\t\t\t\t\t<div class=\"elementor-container elementor-column-gap-default\">\n\t\t\t\t\t<div class=\"elementor-column elementor-col-100 elementor-top-column elementor-element elementor-element-974f4db\" data-id=\"974f4db\" data-element_type=\"column\" data-e-type=\"column\">\n\t\t\t<div class=\"elementor-widget-wrap\">\n\t\t\t\t\t\t\t<\/div>\n\t\t<\/div>\n\t\t\t\t\t<\/div>\n\t\t<\/section>\n\t\t\t\t<section class=\"elementor-section elementor-top-section elementor-element elementor-element-26e4b12 elementor-section-boxed elementor-section-height-default elementor-section-height-default\" data-id=\"26e4b12\" data-element_type=\"section\" data-e-type=\"section\">\n\t\t\t\t\t\t<div class=\"elementor-container elementor-column-gap-default\">\n\t\t\t\t\t<div class=\"elementor-column elementor-col-100 elementor-top-column elementor-element elementor-element-216765c\" data-id=\"216765c\" data-element_type=\"column\" data-e-type=\"column\">\n\t\t\t<div class=\"elementor-widget-wrap elementor-element-populated\">\n\t\t\t\t\t\t<div class=\"elementor-element elementor-element-a13c0c0 elementor-widget elementor-widget-text-bild-video\" data-id=\"a13c0c0\" data-element_type=\"widget\" data-e-type=\"widget\" data-widget_type=\"text-bild-video.default\">\n\t\t\t\t<div class=\"elementor-widget-container\">\n\t\t\t\t\t<div class=\"nosun-widget nosun-text-bild-video text-alignment-left object-position-center text-colsize-one_third text-spaltenanzahl-one tbv-height-full_height\"><div class=\"container\"><div class=\"grid\"><div class=\"column tbv-text-container eight\"><div class=\"tbv-text-inner\"><div class=\"tbv-heading-col\"><h1 class=\"tbv-heading\"><div class=\"ueberschrift_rot c-primary\"  >Nat\u00fcrliches Astaxanthin <\/div><div class=\"ueberschrift_normal\"  >f\u00fcr eine gesunde, strahlende Haut<\/div><\/h1><div class=\"untertitel c-primary fs-l italic\"  >Unser ASTACOS\u00ae f\u00fcr Ihre einzigartigen Astaxanthin Kosmetikprodukte<\/div><\/div><div class=\"tbv-text-wrap-leftcol\"><div class=\"tbv-text wysiwyg\"  ><p>ASTACOS\u00ae OL50 vereint die brillanten F\u00e4higkeiten des roten Diamanten in einem Oleoresin auf Basis von zertifiziertem Bio-Jojoba\u00f6l und einem Astaxanthin-Gehalt von 5%. Es wurde speziell f\u00fcr die Verwendung in kosmetischen Formulierungen entwickelt und entspricht h\u00f6chster Qualit\u00e4t.<\/p><p>Aufgrund der hydrophilen und lipophilen Eigenschaften kann Astaxanthin die gesamte <br \/>Zellmembran durchdringen und ganzheitlich wirken. ASTACOS\u00ae sch\u00fctzt die Haut vor allen Umwelteinfl\u00fcssen und h\u00e4lt sie im oxidativen Gleichgewicht.<\/p><p>Ein absolutes Must-have f\u00fcr wirksame Anti-Ageing-Produkte!<\/p><p><img fetchpriority=\"high\" decoding=\"async\" class=\"alignnone size-medium wp-image-2518\" src=\"https:\/\/www.bdi-biolifescience.com\/wp-content\/uploads\/2022\/12\/AstaCos_OL50-300x243.png\" alt=\"\" width=\"300\" height=\"243\" srcset=\"https:\/\/www.bdi-biolifescience.com\/wp-content\/uploads\/2022\/12\/AstaCos_OL50-300x243.png 300w, https:\/\/www.bdi-biolifescience.com\/wp-content\/uploads\/2022\/12\/AstaCos_OL50-1024x831.png 1024w, https:\/\/www.bdi-biolifescience.com\/wp-content\/uploads\/2022\/12\/AstaCos_OL50-768x623.png 768w, https:\/\/www.bdi-biolifescience.com\/wp-content\/uploads\/2022\/12\/AstaCos_OL50-80x65.png 80w, https:\/\/www.bdi-biolifescience.com\/wp-content\/uploads\/2022\/12\/AstaCos_OL50.png 1182w\" sizes=\"(max-width: 300px) 100vw, 300px\" \/><\/p><ul><li>COSMOS-zertifiziert<\/li><li>NATRUE-approved<\/li><li>halal- &amp; kosher-zertifiziert<\/li><li>vegan &amp; GMO-frei konform<\/li><\/ul><\/div><\/div><\/div><\/div><div class=\"tbv-image-container column sixteen\"><div class=\"tbv-image-inner\"><img decoding=\"async\" width=\"2319\" height=\"1820\" src=\"https:\/\/www.bdi-biolifescience.com\/wp-content\/uploads\/2022\/11\/outer-beauty-natuerliches-astaxanthin-fuer-eine-gesunde-strahlende-haut-bdi-biolife-science-1.jpg\" class=\"attachment-full size-full\" alt=\"\" srcset=\"https:\/\/www.bdi-biolifescience.com\/wp-content\/uploads\/2022\/11\/outer-beauty-natuerliches-astaxanthin-fuer-eine-gesunde-strahlende-haut-bdi-biolife-science-1.jpg 2319w, https:\/\/www.bdi-biolifescience.com\/wp-content\/uploads\/2022\/11\/outer-beauty-natuerliches-astaxanthin-fuer-eine-gesunde-strahlende-haut-bdi-biolife-science-1-300x235.jpg 300w, https:\/\/www.bdi-biolifescience.com\/wp-content\/uploads\/2022\/11\/outer-beauty-natuerliches-astaxanthin-fuer-eine-gesunde-strahlende-haut-bdi-biolife-science-1-1024x804.jpg 1024w, https:\/\/www.bdi-biolifescience.com\/wp-content\/uploads\/2022\/11\/outer-beauty-natuerliches-astaxanthin-fuer-eine-gesunde-strahlende-haut-bdi-biolife-science-1-768x603.jpg 768w, https:\/\/www.bdi-biolifescience.com\/wp-content\/uploads\/2022\/11\/outer-beauty-natuerliches-astaxanthin-fuer-eine-gesunde-strahlende-haut-bdi-biolife-science-1-1536x1205.jpg 1536w, https:\/\/www.bdi-biolifescience.com\/wp-content\/uploads\/2022\/11\/outer-beauty-natuerliches-astaxanthin-fuer-eine-gesunde-strahlende-haut-bdi-biolife-science-1-2048x1607.jpg 2048w, https:\/\/www.bdi-biolifescience.com\/wp-content\/uploads\/2022\/11\/outer-beauty-natuerliches-astaxanthin-fuer-eine-gesunde-strahlende-haut-bdi-biolife-science-1-80x63.jpg 80w\" sizes=\"(max-width: 2319px) 100vw, 2319px\" \/><\/div><\/div><\/div><\/div><\/div>\t\t\t\t<\/div>\n\t\t\t\t<\/div>\n\t\t\t\t<div class=\"elementor-element elementor-element-996abd3 elementor-widget elementor-widget-text-bild-video\" data-id=\"996abd3\" data-element_type=\"widget\" data-e-type=\"widget\" data-widget_type=\"text-bild-video.default\">\n\t\t\t\t<div class=\"elementor-widget-container\">\n\t\t\t\t\t<div class=\"nosun-widget nosun-text-bild-video text-alignment-right object-position-center text-colsize-two_thirds text-spaltenanzahl-one tbv-height-normal_height\"><div class=\"container\"><div class=\"grid\"><div class=\"column tbv-text-container sixteen col-reverse\"><div class=\"tbv-text-inner\"><div class=\"tbv-heading-col\"><h2 class=\"tbv-heading\"><div class=\"ueberschrift_rot c-primary\"  >Unsere Claims <\/div><div class=\"ueberschrift_normal\"  >belegt mit klinischen Studien<\/div><\/h2><\/div><div class=\"tbv-text-wrap-leftcol\"><div class=\"tbv-text wysiwyg\"  ><ul><li>Hervorragender antioxidativer Effekt <em>(in vitro)<\/em><\/li><li>Starke Anti-Ageing-Eigenschaften <em>(in vivo)<\/em><\/li><li>Erh\u00f6ht den Feuchtigkeitsgehalt der Haut und ebnet das Hautbild <em>(in vivo)<\/em><\/li><li>Erh\u00f6ht den biologischen Zellschutz <em>(in vitro, in vivo)<\/em><\/li><li>Sofortiges &amp; gesundes Strahlen <em>(in vivo)<\/em><\/li><li>Blaulichtschutz gegen digital ageing <em>(ex vivo)<\/em><\/li><\/ul><p>ASTACOS\u00ae hat den dritten Platz beim BSB-Innovationspreis 2023 in der Kategorie \"Naturprodukte\/'Wirkstoffe\" gewonnen!<\/p><p><img decoding=\"async\" class=\"alignnone size-medium wp-image-5507\" src=\"https:\/\/www.bdi-biolifescience.com\/wp-content\/uploads\/2023\/10\/BSB-Award-Freisteller2-300x106.png\" alt=\"\" width=\"300\" height=\"106\" srcset=\"https:\/\/www.bdi-biolifescience.com\/wp-content\/uploads\/2023\/10\/BSB-Award-Freisteller2-300x106.png 300w, https:\/\/www.bdi-biolifescience.com\/wp-content\/uploads\/2023\/10\/BSB-Award-Freisteller2-1024x361.png 1024w, https:\/\/www.bdi-biolifescience.com\/wp-content\/uploads\/2023\/10\/BSB-Award-Freisteller2-768x271.png 768w, https:\/\/www.bdi-biolifescience.com\/wp-content\/uploads\/2023\/10\/BSB-Award-Freisteller2-1536x542.png 1536w, https:\/\/www.bdi-biolifescience.com\/wp-content\/uploads\/2023\/10\/BSB-Award-Freisteller2-2048x723.png 2048w, https:\/\/www.bdi-biolifescience.com\/wp-content\/uploads\/2023\/10\/BSB-Award-Freisteller2-80x28.png 80w\" sizes=\"(max-width: 300px) 100vw, 300px\" \/><\/p><p>\u00a0<\/p><\/div><\/div><\/div><\/div><div class=\"tbv-image-container column eight\"><div class=\"tbv-image-inner\"><img loading=\"lazy\" decoding=\"async\" width=\"2259\" height=\"2560\" src=\"https:\/\/www.bdi-biolifescience.com\/wp-content\/uploads\/2023\/10\/Zellmembran-Website_DE-1.jpg\" class=\"attachment-full size-full\" alt=\"\" srcset=\"https:\/\/www.bdi-biolifescience.com\/wp-content\/uploads\/2023\/10\/Zellmembran-Website_DE-1.jpg 2259w, https:\/\/www.bdi-biolifescience.com\/wp-content\/uploads\/2023\/10\/Zellmembran-Website_DE-1-265x300.jpg 265w, https:\/\/www.bdi-biolifescience.com\/wp-content\/uploads\/2023\/10\/Zellmembran-Website_DE-1-904x1024.jpg 904w, https:\/\/www.bdi-biolifescience.com\/wp-content\/uploads\/2023\/10\/Zellmembran-Website_DE-1-768x870.jpg 768w, https:\/\/www.bdi-biolifescience.com\/wp-content\/uploads\/2023\/10\/Zellmembran-Website_DE-1-1355x1536.jpg 1355w, https:\/\/www.bdi-biolifescience.com\/wp-content\/uploads\/2023\/10\/Zellmembran-Website_DE-1-1807x2048.jpg 1807w, https:\/\/www.bdi-biolifescience.com\/wp-content\/uploads\/2023\/10\/Zellmembran-Website_DE-1-71x80.jpg 71w\" sizes=\"(max-width: 2259px) 100vw, 2259px\" \/><\/div><\/div><\/div><\/div><\/div>\t\t\t\t<\/div>\n\t\t\t\t<\/div>\n\t\t\t\t\t<\/div>\n\t\t<\/div>\n\t\t\t\t\t<\/div>\n\t\t<\/section>\n\t\t\t\t<section class=\"elementor-section elementor-top-section elementor-element elementor-element-55da932 elementor-section-boxed elementor-section-height-default elementor-section-height-default\" data-id=\"55da932\" data-element_type=\"section\" data-e-type=\"section\">\n\t\t\t\t\t\t<div class=\"elementor-container elementor-column-gap-default\">\n\t\t\t\t\t<div class=\"elementor-column elementor-col-100 elementor-top-column elementor-element elementor-element-de39e5d\" data-id=\"de39e5d\" data-element_type=\"column\" data-e-type=\"column\">\n\t\t\t<div class=\"elementor-widget-wrap elementor-element-populated\">\n\t\t\t\t\t\t<div class=\"elementor-element elementor-element-e7af457 elementor-widget elementor-widget-galerie\" data-id=\"e7af457\" data-element_type=\"widget\" data-e-type=\"widget\" data-widget_type=\"galerie.default\">\n\t\t\t\t<div class=\"elementor-widget-container\">\n\t\t\t\t\t<div class=\"nosun-widget nosun-galerie bg-white\"><div class=\"post-intro text-align-center\"><h2 class=\"tbv-heading\"><div class=\"ueberschrift_rot c-primary\"  >Innovative Formulierungen <\/div><div class=\"ueberschrift_normal\"  >mit Astaxanthin<\/div><\/h2><div  ><p>Wir bieten eine Reihe von selbst entwickelten, wissenschaftlich getesteten <br \/>Formulierungen bis hin zu marktfertigen B2C-Produkten mit ASTACOS\u00ae an.<\/p><\/div><div class=\"nosun-widget nosun-abstand abstand-size-s\"><\/div><\/div><div class=\"container\"><div class=\"swiper swiper-container gallery-swiper animate\"><div class=\"grid gallery-grid swiper-wrapper\"><div class=\"column eight swiper-slide\"><img decoding=\"async\" src=\"https:\/\/www.bdi-biolifescience.com\/wp-content\/uploads\/2023\/10\/website_RDN0389_edited.jpg\"><\/div><div class=\"column eight swiper-slide\"><img decoding=\"async\" src=\"https:\/\/www.bdi-biolifescience.com\/wp-content\/uploads\/2023\/10\/website__RDN0233_edited.jpg\"><\/div><div class=\"column eight swiper-slide\"><img decoding=\"async\" src=\"https:\/\/www.bdi-biolifescience.com\/wp-content\/uploads\/2023\/10\/website__RDN0435-bearbeitet_edited.jpg\"><\/div><\/div><div class=\"swiper-pagination\"><\/div><\/div><\/div><div class=\"nosun-widget nosun-abstand abstand-size-s\"><\/div><div class=\"container\"><div class=\"button-wrap\"><a href=\"\/rahmenformulierung-astacos\/\" target=\"_self\" class=\"button primary icon-button icon-pos-icon_left\">Rahmenformulierung<\/a><\/div><\/div><\/div>\t\t\t\t<\/div>\n\t\t\t\t<\/div>\n\t\t\t\t\t<\/div>\n\t\t<\/div>\n\t\t\t\t\t<\/div>\n\t\t<\/section>\n\t\t\t\t<\/div>\n\t\t","protected":false},"excerpt":{"rendered":"<p>Nat\u00fcrliches Astaxanthin f\u00fcr eine gesunde, strahlende Haut Unser ASTACOS\u00ae f\u00fcr Ihre einzigartigen Astaxanthin Kosmetikprodukte ASTACOS\u00ae OL50 vereint die brillanten F\u00e4higkeiten des roten Diamanten in einem Oleoresin auf Basis von zertifiziertem Bio-Jojoba\u00f6l und einem Astaxanthin-Gehalt von 5%. Es wurde speziell f\u00fcr die Verwendung in kosmetischen Formulierungen entwickelt und entspricht h\u00f6chster Qualit\u00e4t. Aufgrund der hydrophilen und lipophilen <a href=\"https:\/\/www.bdi-biolifescience.com\/de\/astacos-fuer-kosmetik\/\" class=\"more-link\">&#8230;<span class=\"screen-reader-text\">weiterlesen  Kosmetik<\/span><\/a><\/p>\n","protected":false},"author":3,"featured_media":0,"parent":0,"menu_order":33,"comment_status":"closed","ping_status":"closed","template":"","meta":{"_acf_changed":false,"iawp_total_views":45,"footnotes":""},"class_list":["post-897","page","type-page","status-publish","hentry"],"acf":[],"yoast_head":"<!-- This site is optimized with the Yoast SEO Premium plugin v23.6 (Yoast SEO v27.3) - https:\/\/yoast.com\/product\/yoast-seo-premium-wordpress\/ -->\n<title>ASTACOS\u00ae Astaxanthin f\u00fcr Kosmetik I BDI-BioLife Science<\/title>\n<meta name=\"description\" content=\"Astaxanthin-Hersteller f\u00fcr Kosmetik: ASTACOS mit 5% Astaxanthin in Formulierungen und Kosmetikprodukten. BDI-BioLife Science.\" \/>\n<meta name=\"robots\" content=\"index, follow, max-snippet:-1, max-image-preview:large, max-video-preview:-1\" \/>\n<link rel=\"canonical\" href=\"https:\/\/www.bdi-biolifescience.com\/de\/astacos-fuer-kosmetik\/\" \/>\n<meta property=\"og:locale\" content=\"de_DE\" \/>\n<meta property=\"og:type\" content=\"article\" \/>\n<meta property=\"og:title\" content=\"Kosmetik\" \/>\n<meta property=\"og:description\" content=\"Astaxanthin-Hersteller f\u00fcr Kosmetik: ASTACOS mit 5% Astaxanthin in Formulierungen und Kosmetikprodukten. BDI-BioLife Science.\" \/>\n<meta property=\"og:url\" content=\"https:\/\/www.bdi-biolifescience.com\/de\/astacos-fuer-kosmetik\/\" \/>\n<meta property=\"og:site_name\" content=\"BDI-BioLife Science\" \/>\n<meta property=\"article:modified_time\" content=\"2025-03-14T09:02:49+00:00\" \/>\n<meta property=\"og:image\" content=\"http:\/\/bdi-biolifescience.com.w0215a68.kasserver.com\/wp-content\/uploads\/2022\/12\/AstaCos_OL50-300x243.png\" \/>\n<meta name=\"twitter:card\" content=\"summary_large_image\" \/>\n<meta name=\"twitter:label1\" content=\"Gesch\u00e4tzte Lesezeit\" \/>\n\t<meta name=\"twitter:data1\" content=\"3\u00a0Minuten\" \/>\n<script type=\"application\/ld+json\" class=\"yoast-schema-graph\">{\"@context\":\"https:\\\/\\\/schema.org\",\"@graph\":[{\"@type\":\"WebPage\",\"@id\":\"https:\\\/\\\/www.bdi-biolifescience.com\\\/de\\\/astacos-fuer-kosmetik\\\/\",\"url\":\"https:\\\/\\\/www.bdi-biolifescience.com\\\/de\\\/astacos-fuer-kosmetik\\\/\",\"name\":\"ASTACOS\u00ae Astaxanthin f\u00fcr Kosmetik I BDI-BioLife Science\",\"isPartOf\":{\"@id\":\"https:\\\/\\\/www.bdi-biolifescience.com\\\/de\\\/#website\"},\"primaryImageOfPage\":{\"@id\":\"https:\\\/\\\/www.bdi-biolifescience.com\\\/de\\\/astacos-fuer-kosmetik\\\/#primaryimage\"},\"image\":{\"@id\":\"https:\\\/\\\/www.bdi-biolifescience.com\\\/de\\\/astacos-fuer-kosmetik\\\/#primaryimage\"},\"thumbnailUrl\":\"http:\\\/\\\/bdi-biolifescience.com.w0215a68.kasserver.com\\\/wp-content\\\/uploads\\\/2022\\\/12\\\/AstaCos_OL50-300x243.png\",\"datePublished\":\"2022-10-27T12:44:57+00:00\",\"dateModified\":\"2025-03-14T09:02:49+00:00\",\"description\":\"Astaxanthin-Hersteller f\u00fcr Kosmetik: ASTACOS mit 5% Astaxanthin in Formulierungen und Kosmetikprodukten. BDI-BioLife Science.\",\"breadcrumb\":{\"@id\":\"https:\\\/\\\/www.bdi-biolifescience.com\\\/de\\\/astacos-fuer-kosmetik\\\/#breadcrumb\"},\"inLanguage\":\"de\",\"potentialAction\":[{\"@type\":\"ReadAction\",\"target\":[\"https:\\\/\\\/www.bdi-biolifescience.com\\\/de\\\/astacos-fuer-kosmetik\\\/\"]}]},{\"@type\":\"ImageObject\",\"inLanguage\":\"de\",\"@id\":\"https:\\\/\\\/www.bdi-biolifescience.com\\\/de\\\/astacos-fuer-kosmetik\\\/#primaryimage\",\"url\":\"http:\\\/\\\/bdi-biolifescience.com.w0215a68.kasserver.com\\\/wp-content\\\/uploads\\\/2022\\\/12\\\/AstaCos_OL50-300x243.png\",\"contentUrl\":\"http:\\\/\\\/bdi-biolifescience.com.w0215a68.kasserver.com\\\/wp-content\\\/uploads\\\/2022\\\/12\\\/AstaCos_OL50-300x243.png\"},{\"@type\":\"BreadcrumbList\",\"@id\":\"https:\\\/\\\/www.bdi-biolifescience.com\\\/de\\\/astacos-fuer-kosmetik\\\/#breadcrumb\",\"itemListElement\":[{\"@type\":\"ListItem\",\"position\":1,\"name\":\"Startseite\",\"item\":\"https:\\\/\\\/www.bdi-biolifescience.com\\\/de\\\/\"},{\"@type\":\"ListItem\",\"position\":2,\"name\":\"Kosmetik\"}]},{\"@type\":\"WebSite\",\"@id\":\"https:\\\/\\\/www.bdi-biolifescience.com\\\/de\\\/#website\",\"url\":\"https:\\\/\\\/www.bdi-biolifescience.com\\\/de\\\/\",\"name\":\"BDI-BioLife Science\",\"description\":\"\",\"publisher\":{\"@id\":\"https:\\\/\\\/www.bdi-biolifescience.com\\\/de\\\/#organization\"},\"potentialAction\":[{\"@type\":\"SearchAction\",\"target\":{\"@type\":\"EntryPoint\",\"urlTemplate\":\"https:\\\/\\\/www.bdi-biolifescience.com\\\/de\\\/?s={search_term_string}\"},\"query-input\":{\"@type\":\"PropertyValueSpecification\",\"valueRequired\":true,\"valueName\":\"search_term_string\"}}],\"inLanguage\":\"de\"},{\"@type\":\"Organization\",\"@id\":\"https:\\\/\\\/www.bdi-biolifescience.com\\\/de\\\/#organization\",\"name\":\"BDI-BioLife Science\",\"url\":\"https:\\\/\\\/www.bdi-biolifescience.com\\\/de\\\/\",\"logo\":{\"@type\":\"ImageObject\",\"inLanguage\":\"de\",\"@id\":\"https:\\\/\\\/www.bdi-biolifescience.com\\\/de\\\/#\\\/schema\\\/logo\\\/image\\\/\",\"url\":\"http:\\\/\\\/bdi-biolifescience.com.w0215a68.kasserver.com\\\/wp-content\\\/uploads\\\/2022\\\/10\\\/logo.svg\",\"contentUrl\":\"http:\\\/\\\/bdi-biolifescience.com.w0215a68.kasserver.com\\\/wp-content\\\/uploads\\\/2022\\\/10\\\/logo.svg\",\"width\":320,\"height\":41,\"caption\":\"BDI-BioLife Science\"},\"image\":{\"@id\":\"https:\\\/\\\/www.bdi-biolifescience.com\\\/de\\\/#\\\/schema\\\/logo\\\/image\\\/\"}}]}<\/script>\n<!-- \/ Yoast SEO Premium plugin. -->","yoast_head_json":{"title":"ASTACOS\u00ae Astaxanthin f\u00fcr Kosmetik I BDI-BioLife Science","description":"Astaxanthin-Hersteller f\u00fcr Kosmetik: ASTACOS mit 5% Astaxanthin in Formulierungen und Kosmetikprodukten. BDI-BioLife Science.","robots":{"index":"index","follow":"follow","max-snippet":"max-snippet:-1","max-image-preview":"max-image-preview:large","max-video-preview":"max-video-preview:-1"},"canonical":"https:\/\/www.bdi-biolifescience.com\/de\/astacos-fuer-kosmetik\/","og_locale":"de_DE","og_type":"article","og_title":"Kosmetik","og_description":"Astaxanthin-Hersteller f\u00fcr Kosmetik: ASTACOS mit 5% Astaxanthin in Formulierungen und Kosmetikprodukten. BDI-BioLife Science.","og_url":"https:\/\/www.bdi-biolifescience.com\/de\/astacos-fuer-kosmetik\/","og_site_name":"BDI-BioLife Science","article_modified_time":"2025-03-14T09:02:49+00:00","og_image":[{"url":"http:\/\/bdi-biolifescience.com.w0215a68.kasserver.com\/wp-content\/uploads\/2022\/12\/AstaCos_OL50-300x243.png","type":"","width":"","height":""}],"twitter_card":"summary_large_image","twitter_misc":{"Gesch\u00e4tzte Lesezeit":"3\u00a0Minuten"},"schema":{"@context":"https:\/\/schema.org","@graph":[{"@type":"WebPage","@id":"https:\/\/www.bdi-biolifescience.com\/de\/astacos-fuer-kosmetik\/","url":"https:\/\/www.bdi-biolifescience.com\/de\/astacos-fuer-kosmetik\/","name":"ASTACOS\u00ae Astaxanthin f\u00fcr Kosmetik I BDI-BioLife Science","isPartOf":{"@id":"https:\/\/www.bdi-biolifescience.com\/de\/#website"},"primaryImageOfPage":{"@id":"https:\/\/www.bdi-biolifescience.com\/de\/astacos-fuer-kosmetik\/#primaryimage"},"image":{"@id":"https:\/\/www.bdi-biolifescience.com\/de\/astacos-fuer-kosmetik\/#primaryimage"},"thumbnailUrl":"http:\/\/bdi-biolifescience.com.w0215a68.kasserver.com\/wp-content\/uploads\/2022\/12\/AstaCos_OL50-300x243.png","datePublished":"2022-10-27T12:44:57+00:00","dateModified":"2025-03-14T09:02:49+00:00","description":"Astaxanthin-Hersteller f\u00fcr Kosmetik: ASTACOS mit 5% Astaxanthin in Formulierungen und Kosmetikprodukten. BDI-BioLife Science.","breadcrumb":{"@id":"https:\/\/www.bdi-biolifescience.com\/de\/astacos-fuer-kosmetik\/#breadcrumb"},"inLanguage":"de","potentialAction":[{"@type":"ReadAction","target":["https:\/\/www.bdi-biolifescience.com\/de\/astacos-fuer-kosmetik\/"]}]},{"@type":"ImageObject","inLanguage":"de","@id":"https:\/\/www.bdi-biolifescience.com\/de\/astacos-fuer-kosmetik\/#primaryimage","url":"http:\/\/bdi-biolifescience.com.w0215a68.kasserver.com\/wp-content\/uploads\/2022\/12\/AstaCos_OL50-300x243.png","contentUrl":"http:\/\/bdi-biolifescience.com.w0215a68.kasserver.com\/wp-content\/uploads\/2022\/12\/AstaCos_OL50-300x243.png"},{"@type":"BreadcrumbList","@id":"https:\/\/www.bdi-biolifescience.com\/de\/astacos-fuer-kosmetik\/#breadcrumb","itemListElement":[{"@type":"ListItem","position":1,"name":"Startseite","item":"https:\/\/www.bdi-biolifescience.com\/de\/"},{"@type":"ListItem","position":2,"name":"Kosmetik"}]},{"@type":"WebSite","@id":"https:\/\/www.bdi-biolifescience.com\/de\/#website","url":"https:\/\/www.bdi-biolifescience.com\/de\/","name":"BDI-BioLife Science","description":"","publisher":{"@id":"https:\/\/www.bdi-biolifescience.com\/de\/#organization"},"potentialAction":[{"@type":"SearchAction","target":{"@type":"EntryPoint","urlTemplate":"https:\/\/www.bdi-biolifescience.com\/de\/?s={search_term_string}"},"query-input":{"@type":"PropertyValueSpecification","valueRequired":true,"valueName":"search_term_string"}}],"inLanguage":"de"},{"@type":"Organization","@id":"https:\/\/www.bdi-biolifescience.com\/de\/#organization","name":"BDI-BioLife Science","url":"https:\/\/www.bdi-biolifescience.com\/de\/","logo":{"@type":"ImageObject","inLanguage":"de","@id":"https:\/\/www.bdi-biolifescience.com\/de\/#\/schema\/logo\/image\/","url":"http:\/\/bdi-biolifescience.com.w0215a68.kasserver.com\/wp-content\/uploads\/2022\/10\/logo.svg","contentUrl":"http:\/\/bdi-biolifescience.com.w0215a68.kasserver.com\/wp-content\/uploads\/2022\/10\/logo.svg","width":320,"height":41,"caption":"BDI-BioLife Science"},"image":{"@id":"https:\/\/www.bdi-biolifescience.com\/de\/#\/schema\/logo\/image\/"}}]}},"publishpress_future_workflow_manual_trigger":{"enabledWorkflows":[]},"_links":{"self":[{"href":"https:\/\/www.bdi-biolifescience.com\/de\/wp-json\/wp\/v2\/pages\/897","targetHints":{"allow":["GET"]}}],"collection":[{"href":"https:\/\/www.bdi-biolifescience.com\/de\/wp-json\/wp\/v2\/pages"}],"about":[{"href":"https:\/\/www.bdi-biolifescience.com\/de\/wp-json\/wp\/v2\/types\/page"}],"author":[{"embeddable":true,"href":"https:\/\/www.bdi-biolifescience.com\/de\/wp-json\/wp\/v2\/users\/3"}],"replies":[{"embeddable":true,"href":"https:\/\/www.bdi-biolifescience.com\/de\/wp-json\/wp\/v2\/comments?post=897"}],"version-history":[{"count":104,"href":"https:\/\/www.bdi-biolifescience.com\/de\/wp-json\/wp\/v2\/pages\/897\/revisions"}],"predecessor-version":[{"id":11590,"href":"https:\/\/www.bdi-biolifescience.com\/de\/wp-json\/wp\/v2\/pages\/897\/revisions\/11590"}],"wp:attachment":[{"href":"https:\/\/www.bdi-biolifescience.com\/de\/wp-json\/wp\/v2\/media?parent=897"}],"curies":[{"name":"wp","href":"https:\/\/api.w.org\/{rel}","templated":true}]}}